{"id":5029,"date":"2020-04-20T15:34:06","date_gmt":"2020-04-20T15:34:06","guid":{"rendered":"https:\/\/se.www.trescal.com\/trescal-careers\/"},"modified":"2021-02-05T08:09:48","modified_gmt":"2021-02-05T08:09:48","slug":"karriarmojligheter-inom-trescal","status":"publish","type":"page","link":"https:\/\/www.trescal.dk\/sv\/jobb\/karriarmojligheter-inom-trescal\/","title":{"rendered":"Karri\u00e4rm\u00f6jligheter inom Trescal"},"content":{"rendered":"\n<div class=\"wp-block-media-text alignfull has-media-on-the-right is-stacked-on-mobile\"><figure class=\"wp-block-media-text__media\"><img decoding=\"async\" width=\"1024\" height=\"678\" data-src=\"https:\/\/se.www.trescal.com\/wp-content\/uploads\/sites\/65\/2020\/12\/AdobeStock_315979329-1-1024x678.jpeg\" alt=\"\" class=\"wp-image-5651 size-full lazyload\" data-srcset=\"https:\/\/www.trescal.dk\/wp-content\/uploads\/sites\/65\/2020\/12\/AdobeStock_315979329-1-1024x678.jpeg 1024w, https:\/\/www.trescal.dk\/wp-content\/uploads\/sites\/65\/2020\/12\/AdobeStock_315979329-1-300x199.jpeg 300w, https:\/\/www.trescal.dk\/wp-content\/uploads\/sites\/65\/2020\/12\/AdobeStock_315979329-1-768x509.jpeg 768w, https:\/\/www.trescal.dk\/wp-content\/uploads\/sites\/65\/2020\/12\/AdobeStock_315979329-1-1536x1017.jpeg 1536w, https:\/\/www.trescal.dk\/wp-content\/uploads\/sites\/65\/2020\/12\/AdobeStock_315979329-1-2048x1356.jpeg 2048w, https:\/\/www.trescal.dk\/wp-content\/uploads\/sites\/65\/2020\/12\/AdobeStock_315979329-1-5x3.jpeg 5w, https:\/\/www.trescal.dk\/wp-content\/uploads\/sites\/65\/2020\/12\/AdobeStock_315979329-1-600x397.jpeg 600w, https:\/\/www.trescal.dk\/wp-content\/uploads\/sites\/65\/2020\/12\/AdobeStock_315979329-1-1280x848.jpeg 1280w, https:\/\/www.trescal.dk\/wp-content\/uploads\/sites\/65\/2020\/12\/AdobeStock_315979329-1-1900x1258.jpeg 1900w\" data-sizes=\"(max-width: 1024px) 100vw, 1024px\" src=\"data:image\/svg+xml;base64,PHN2ZyB3aWR0aD0iMSIgaGVpZ2h0PSIxIiB4bWxucz0iaHR0cDovL3d3dy53My5vcmcvMjAwMC9zdmciPjwvc3ZnPg==\" style=\"--smush-placeholder-width: 1024px; --smush-placeholder-aspect-ratio: 1024\/678;\" \/><\/figure><div class=\"wp-block-media-text__content\">\n<h2 class=\"wp-block-heading\">Kundtj\u00e4nstrepresentant<\/h2>\n\n\n\n<p>En kundtj\u00e4nstrepresentant organiserar och s\u00e4kerst\u00e4ller en smidig drift av best\u00e4llningar, samt \u00e4r i kontakt med s\u00e5v\u00e4l kunder som s\u00e4ljare och laboratorier.<\/p>\n\n\n\n<p>Kundtj\u00e4nstrepresentantens <strong>huvuduppgift<\/strong> \u00e4r att hantera sin tilldelade kundportf\u00f6lj. Mer specifikt:<\/p>\n\n\n\n<ul class=\"wp-block-list\"><li>Kundtj\u00e4nstrepresentanterna \u00e4r kundernas f\u00f6redragna kontaktpunkt<\/li><li>De kommer med prisf\u00f6rslag och bed\u00f6mer kostnader och ledtider<\/li><li>De hanterar olika erbjudanden och kommersiella avtal<\/li><li>De hj\u00e4lper till att f\u00f6rb\u00e4ttra servicekvaliteten varje dag<\/li><\/ul>\n\n\n\n<p>Kundtj\u00e4nstrepresentanten ansvarar f\u00f6r tidsfrister och kundtillfredsst\u00e4llelse.<\/p>\n\n\n\n<p><strong><strong>Sj\u00e4lvst\u00e4ndighet, interpersonella f\u00e4rdigheter, organisatoriska och analytiska f\u00e4rdigheter, samt en vilja till nya utmaningar<\/strong> <\/strong>\u00e4r de viktigaste egenskaperna inom detta yrke.<\/p>\n\n\n\n<div class=\"wp-block-buttons is-layout-flex wp-block-buttons-is-layout-flex\">\n<div class=\"wp-block-button is-style-outline is-style-outline--1\"><a class=\"wp-block-button__link\" href=\"#apply\" target=\"_blank\" rel=\"noreferrer noopener\">S\u00f6k det h\u00e4r jobbet<\/a><\/div>\n<\/div>\n<\/div><\/div>\n\n\n\n<div class=\"wp-block-media-text alignfull\"><figure class=\"wp-block-media-text__media\"><img decoding=\"async\" width=\"1024\" height=\"788\" data-src=\"https:\/\/se.www.trescal.com\/wp-content\/uploads\/sites\/65\/2020\/08\/trescal_trescal_carreers_3-1024x788.jpg\" alt=\"\" class=\"wp-image-4302 size-full lazyload\" data-srcset=\"https:\/\/www.trescal.dk\/wp-content\/uploads\/sites\/65\/2020\/08\/trescal_trescal_carreers_3-1024x788.jpg 1024w, https:\/\/www.trescal.dk\/wp-content\/uploads\/sites\/65\/2020\/08\/trescal_trescal_carreers_3-300x231.jpg 300w, https:\/\/www.trescal.dk\/wp-content\/uploads\/sites\/65\/2020\/08\/trescal_trescal_carreers_3-768x591.jpg 768w, https:\/\/www.trescal.dk\/wp-content\/uploads\/sites\/65\/2020\/08\/trescal_trescal_carreers_3-5x4.jpg 5w, https:\/\/www.trescal.dk\/wp-content\/uploads\/sites\/65\/2020\/08\/trescal_trescal_carreers_3-600x462.jpg 600w, https:\/\/www.trescal.dk\/wp-content\/uploads\/sites\/65\/2020\/08\/trescal_trescal_carreers_3-1280x985.jpg 1280w, https:\/\/www.trescal.dk\/wp-content\/uploads\/sites\/65\/2020\/08\/trescal_trescal_carreers_3.jpg 1300w\" data-sizes=\"(max-width: 1024px) 100vw, 1024px\" src=\"data:image\/svg+xml;base64,PHN2ZyB3aWR0aD0iMSIgaGVpZ2h0PSIxIiB4bWxucz0iaHR0cDovL3d3dy53My5vcmcvMjAwMC9zdmciPjwvc3ZnPg==\" style=\"--smush-placeholder-width: 1024px; --smush-placeholder-aspect-ratio: 1024\/788;\" \/><\/figure><div class=\"wp-block-media-text__content\">\n<h2 class=\"wp-block-heading\">Logistikoperat\u00f6rer<\/h2>\n\n\n\n<p>Logistikoperat\u00f6rerna \u00e4r den f\u00f6rsta kontaktpunkten mellan Trescal och kunderna, och kan p\u00e5 s\u00e5 vis s\u00e4gas vara f\u00f6retagets ambassad\u00f6rer.<\/p>\n\n\n\n<p>Logistikoperat\u00f6rernas <strong>huvuduppgift<\/strong> \u00e4r att ta emot och leverera m\u00e4tutrustning till v\u00e5ra kunder. Mer specifikt ansvarar de f\u00f6r f\u00f6ljande:<\/p>\n\n\n\n<ul class=\"wp-block-list\"><li>Ta emot och leverera utrustning<\/li><li>Ansvara f\u00f6r utrustningen och utf\u00f6ra kvalitetskontroller<\/li><li>Skydda utrustningen under logistikprocessen<\/li><li>Hantera inkommande och utg\u00e5ende fl\u00f6den (paketering, f\u00f6rberedelse och frakt).<\/li><\/ul>\n\n\n\n<p><strong><strong>Organisationsf\u00e4rdigheter, kundfokus och sj\u00e4lvst\u00e4ndighet<\/strong> <\/strong>\u00e4r de viktigaste egenskaperna inom detta yrke.<\/p>\n\n\n\n<div class=\"wp-block-buttons is-layout-flex wp-block-buttons-is-layout-flex\">\n<div class=\"wp-block-button is-style-outline is-style-outline--2\"><a class=\"wp-block-button__link\" href=\"#apply\" target=\"_blank\" rel=\"noreferrer noopener\">S\u00f6k det h\u00e4r jobbet<\/a><\/div>\n<\/div>\n\n\n\n<p><a href=\"https:\/\/se.www.trescal.com\/sv\/careers\/why-work-at-trescal\/#anc_temoignages\" target=\"_blank\" rel=\"noreferrer noopener\"><\/a><a href=\"https:\/\/se.www.trescal.com\/sv\/careers\/why-work-at-trescal\/#anc_temoignages\" target=\"_blank\" rel=\"noreferrer noopener\">L\u00e4s vad v\u00e5ra medarbetare har att s\u00e4ga<\/a><\/p>\n<\/div><\/div>\n\n\n<div class=\"wp-block-informations\">\n    <p>P\u00e5 Trescal finns det ocks\u00e5 m\u00e5nga andra yrkesgrupper: platschefer, produktionschefer, laboratoriechefer, f\u00f6rs\u00e4ljningschefer, Key Account Managers, Ink\u00f6pare osv.<\/p>\n<p>Oavsett om du precis har b\u00f6rjat arbeta eller har l\u00e5ng erfarenhet, och oavsett om du s\u00f6ker en praktikplats eller fast anst\u00e4llning, tar vi g\u00e4rna en titt p\u00e5 din profil. <a href=\"#apply\" target=\"_blank\" rel=\"noopener\"><strong>L\u00e4mna dina kontaktuppgifter h\u00e4r.<\/strong><\/a><\/p>\n<p><strong>Vill du veta mer om Trescals verksamhet?<br \/>\n<a href=\"https:\/\/www.trescal.dk\/sv\/jobb\/navigationsguide\/\" target=\"_blank\" rel=\"noopener\">Se denna sida.<\/a><\/strong><\/p>\n<\/div>\n\n\n\n<div class=\"wp-block-media-text alignfull has-media-on-the-right is-stacked-on-mobile\"><figure class=\"wp-block-media-text__media\"><img decoding=\"async\" width=\"1024\" height=\"683\" data-src=\"https:\/\/se.www.trescal.com\/wp-content\/uploads\/sites\/65\/2020\/12\/AdobeStock_383187620-1024x683.jpeg\" alt=\"\" class=\"wp-image-5619 size-full lazyload\" data-srcset=\"https:\/\/www.trescal.dk\/wp-content\/uploads\/sites\/65\/2020\/12\/AdobeStock_383187620-1024x683.jpeg 1024w, https:\/\/www.trescal.dk\/wp-content\/uploads\/sites\/65\/2020\/12\/AdobeStock_383187620-300x200.jpeg 300w, https:\/\/www.trescal.dk\/wp-content\/uploads\/sites\/65\/2020\/12\/AdobeStock_383187620-768x512.jpeg 768w, https:\/\/www.trescal.dk\/wp-content\/uploads\/sites\/65\/2020\/12\/AdobeStock_383187620-1536x1024.jpeg 1536w, https:\/\/www.trescal.dk\/wp-content\/uploads\/sites\/65\/2020\/12\/AdobeStock_383187620-2048x1365.jpeg 2048w, https:\/\/www.trescal.dk\/wp-content\/uploads\/sites\/65\/2020\/12\/AdobeStock_383187620-5x3.jpeg 5w, https:\/\/www.trescal.dk\/wp-content\/uploads\/sites\/65\/2020\/12\/AdobeStock_383187620-600x400.jpeg 600w, https:\/\/www.trescal.dk\/wp-content\/uploads\/sites\/65\/2020\/12\/AdobeStock_383187620-1280x853.jpeg 1280w, https:\/\/www.trescal.dk\/wp-content\/uploads\/sites\/65\/2020\/12\/AdobeStock_383187620-1900x1267.jpeg 1900w\" data-sizes=\"(max-width: 1024px) 100vw, 1024px\" src=\"data:image\/svg+xml;base64,PHN2ZyB3aWR0aD0iMSIgaGVpZ2h0PSIxIiB4bWxucz0iaHR0cDovL3d3dy53My5vcmcvMjAwMC9zdmciPjwvc3ZnPg==\" style=\"--smush-placeholder-width: 1024px; --smush-placeholder-aspect-ratio: 1024\/683;\" \/><\/figure><div class=\"wp-block-media-text__content\">\n<h3 class=\"wp-block-heading\">Jag \u00e4r student<\/h3>\n\n\n\n<p>\u00c4r du intresserad av en praktikplats under ett \u00e5r, av en praktikplats i slutet av din utbildning eller av ett program som kombinerar arbete och studier med matnyttigt och l\u00e4rande inneh\u00e5ll? Vi erbjuder praktikplatser p\u00e5 minst sex m\u00e5nader inom olika teman, inklusive teknik, f\u00f6rs\u00e4ljning, leveranskedja, informationssystem, produktion, ledningsrevision, kommunikation, samt fusioner och f\u00f6rv\u00e4rv.<\/p>\n\n\n\n<p>Trescal \u00e4r en erk\u00e4nt utm\u00e4rkt utbildningsskola, i synnerhet f\u00f6r metrologitekniker och ingenj\u00f6rer. M\u00e5nga av v\u00e5ra unga rekryter b\u00f6rjade hos oss som praktikanter eller l\u00e4rlingar.<\/p>\n\n\n\n<div class=\"wp-block-buttons is-layout-flex wp-block-buttons-is-layout-flex\">\n<div class=\"wp-block-button is-style-outline is-style-outline--3\"><a class=\"wp-block-button__link\" href=\"#apply\" target=\"_blank\" rel=\"noreferrer noopener\">Skicka in ditt CV<\/a><\/div>\n<\/div>\n<\/div><\/div>\n\n\n\n<div class=\"wp-block-media-text alignfull is-stacked-on-mobile\"><figure class=\"wp-block-media-text__media\"><img decoding=\"async\" width=\"1024\" height=\"683\" data-src=\"https:\/\/se.www.trescal.com\/wp-content\/uploads\/sites\/65\/2020\/12\/AdobeStock_316013199-1024x683.jpeg\" alt=\"\" class=\"wp-image-5621 size-full lazyload\" data-srcset=\"https:\/\/www.trescal.dk\/wp-content\/uploads\/sites\/65\/2020\/12\/AdobeStock_316013199-1024x683.jpeg 1024w, https:\/\/www.trescal.dk\/wp-content\/uploads\/sites\/65\/2020\/12\/AdobeStock_316013199-300x200.jpeg 300w, https:\/\/www.trescal.dk\/wp-content\/uploads\/sites\/65\/2020\/12\/AdobeStock_316013199-768x512.jpeg 768w, https:\/\/www.trescal.dk\/wp-content\/uploads\/sites\/65\/2020\/12\/AdobeStock_316013199-1536x1024.jpeg 1536w, https:\/\/www.trescal.dk\/wp-content\/uploads\/sites\/65\/2020\/12\/AdobeStock_316013199-2048x1365.jpeg 2048w, https:\/\/www.trescal.dk\/wp-content\/uploads\/sites\/65\/2020\/12\/AdobeStock_316013199-5x3.jpeg 5w, https:\/\/www.trescal.dk\/wp-content\/uploads\/sites\/65\/2020\/12\/AdobeStock_316013199-600x400.jpeg 600w, https:\/\/www.trescal.dk\/wp-content\/uploads\/sites\/65\/2020\/12\/AdobeStock_316013199-1280x853.jpeg 1280w, https:\/\/www.trescal.dk\/wp-content\/uploads\/sites\/65\/2020\/12\/AdobeStock_316013199-1900x1267.jpeg 1900w\" data-sizes=\"(max-width: 1024px) 100vw, 1024px\" src=\"data:image\/svg+xml;base64,PHN2ZyB3aWR0aD0iMSIgaGVpZ2h0PSIxIiB4bWxucz0iaHR0cDovL3d3dy53My5vcmcvMjAwMC9zdmciPjwvc3ZnPg==\" style=\"--smush-placeholder-width: 1024px; --smush-placeholder-aspect-ratio: 1024\/683;\" \/><\/figure><div class=\"wp-block-media-text__content\">\n<h3 class=\"wp-block-heading\">Jag \u00e4r nyutbildad<\/h3>\n\n\n\n<p>Vi s\u00f6ker nyutbildade talanger till permanenta tj\u00e4nster inom m\u00e5nga olika omr\u00e5den.<\/p>\n\n\n\n<p>Vi erbjuder ocks\u00e5 ett internationellt praktikprogram inom ledningsrevision och aff\u00e4rsutveckling \u00f6ver olika kontinenter.<\/p>\n\n\n\n<div class=\"wp-block-buttons is-layout-flex wp-block-buttons-is-layout-flex\">\n<div class=\"wp-block-button is-style-outline is-style-outline--4\"><a class=\"wp-block-button__link\" href=\"#apply\" target=\"_blank\" rel=\"noreferrer noopener\">Skicka in ditt CV<\/a><\/div>\n<\/div>\n<\/div><\/div>\n","protected":false},"excerpt":{"rendered":"","protected":false},"author":1,"featured_media":5031,"parent":5088,"menu_order":0,"comment_status":"closed","ping_status":"closed","template":"template-thumbnail.php","meta":{"_acf_changed":false,"inline_featured_image":false,"footnotes":""},"class_list":["post-5029","page","type-page","status-publish","has-post-thumbnail","hentry"],"acf":[],"yoast_head":"<!-- This site is optimized with the Yoast SEO plugin v27.3 - https:\/\/yoast.com\/product\/yoast-seo-wordpress\/ -->\n<title>Karri\u00e4rm\u00f6jligheter inom Trescal - Sverige<\/title>\n<meta name=\"robots\" content=\"index, follow, max-snippet:-1, max-image-preview:large, max-video-preview:-1\" \/>\n<link rel=\"canonical\" href=\"https:\/\/www.trescal.dk\/sv\/jobb\/karriarmojligheter-inom-trescal\/\" \/>\n<meta property=\"og:locale\" content=\"sv_SE\" \/>\n<meta property=\"og:type\" content=\"article\" \/>\n<meta property=\"og:title\" content=\"Karri\u00e4rm\u00f6jligheter inom Trescal - Sverige\" \/>\n<meta property=\"og:url\" content=\"https:\/\/www.trescal.dk\/sv\/jobb\/karriarmojligheter-inom-trescal\/\" \/>\n<meta property=\"og:site_name\" content=\"Sverige\" \/>\n<meta property=\"article:modified_time\" content=\"2021-02-05T08:09:48+00:00\" \/>\n<meta property=\"og:image\" content=\"https:\/\/www.trescal.dk\/wp-content\/uploads\/sites\/65\/2020\/08\/trescal_trescal_carreers_header_2.jpg\" \/>\n\t<meta property=\"og:image:width\" content=\"1800\" \/>\n\t<meta property=\"og:image:height\" content=\"1400\" \/>\n\t<meta property=\"og:image:type\" content=\"image\/jpeg\" \/>\n<meta name=\"twitter:card\" content=\"summary_large_image\" \/>\n<meta name=\"twitter:label1\" content=\"Ber\u00e4knad l\u00e4stid\" \/>\n\t<meta name=\"twitter:data1\" content=\"3 minuter\" \/>\n<script type=\"application\/ld+json\" class=\"yoast-schema-graph\">{\"@context\":\"https:\\\/\\\/schema.org\",\"@graph\":[{\"@type\":\"WebPage\",\"@id\":\"https:\\\/\\\/www.trescal.dk\\\/sv\\\/jobb\\\/karriarmojligheter-inom-trescal\\\/\",\"url\":\"https:\\\/\\\/www.trescal.dk\\\/sv\\\/jobb\\\/karriarmojligheter-inom-trescal\\\/\",\"name\":\"Karri\u00e4rm\u00f6jligheter inom Trescal - Sverige\",\"isPartOf\":{\"@id\":\"https:\\\/\\\/www.trescal.dk\\\/sv\\\/#website\"},\"primaryImageOfPage\":{\"@id\":\"https:\\\/\\\/www.trescal.dk\\\/sv\\\/jobb\\\/karriarmojligheter-inom-trescal\\\/#primaryimage\"},\"image\":{\"@id\":\"https:\\\/\\\/www.trescal.dk\\\/sv\\\/jobb\\\/karriarmojligheter-inom-trescal\\\/#primaryimage\"},\"thumbnailUrl\":\"https:\\\/\\\/www.trescal.dk\\\/wp-content\\\/uploads\\\/sites\\\/65\\\/2020\\\/08\\\/trescal_trescal_carreers_header_2.jpg\",\"datePublished\":\"2020-04-20T15:34:06+00:00\",\"dateModified\":\"2021-02-05T08:09:48+00:00\",\"breadcrumb\":{\"@id\":\"https:\\\/\\\/www.trescal.dk\\\/sv\\\/jobb\\\/karriarmojligheter-inom-trescal\\\/#breadcrumb\"},\"inLanguage\":\"sv-SE\",\"potentialAction\":[{\"@type\":\"ReadAction\",\"target\":[\"https:\\\/\\\/www.trescal.dk\\\/sv\\\/jobb\\\/karriarmojligheter-inom-trescal\\\/\"]}]},{\"@type\":\"ImageObject\",\"inLanguage\":\"sv-SE\",\"@id\":\"https:\\\/\\\/www.trescal.dk\\\/sv\\\/jobb\\\/karriarmojligheter-inom-trescal\\\/#primaryimage\",\"url\":\"https:\\\/\\\/www.trescal.dk\\\/wp-content\\\/uploads\\\/sites\\\/65\\\/2020\\\/08\\\/trescal_trescal_carreers_header_2.jpg\",\"contentUrl\":\"https:\\\/\\\/www.trescal.dk\\\/wp-content\\\/uploads\\\/sites\\\/65\\\/2020\\\/08\\\/trescal_trescal_carreers_header_2.jpg\",\"width\":1800,\"height\":1400},{\"@type\":\"BreadcrumbList\",\"@id\":\"https:\\\/\\\/www.trescal.dk\\\/sv\\\/jobb\\\/karriarmojligheter-inom-trescal\\\/#breadcrumb\",\"itemListElement\":[{\"@type\":\"ListItem\",\"position\":1,\"name\":\"Hjem\",\"item\":\"https:\\\/\\\/www.trescal.dk\\\/sv\\\/\"},{\"@type\":\"ListItem\",\"position\":2,\"name\":\"Jobb\",\"item\":\"https:\\\/\\\/www.trescal.dk\\\/sv\\\/jobb\\\/\"},{\"@type\":\"ListItem\",\"position\":3,\"name\":\"Karri\u00e4rm\u00f6jligheter inom Trescal\"}]},{\"@type\":\"WebSite\",\"@id\":\"https:\\\/\\\/www.trescal.dk\\\/sv\\\/#website\",\"url\":\"https:\\\/\\\/www.trescal.dk\\\/sv\\\/\",\"name\":\"Sverige\",\"description\":\"| calibration solutions to improve your performance |\",\"potentialAction\":[{\"@type\":\"SearchAction\",\"target\":{\"@type\":\"EntryPoint\",\"urlTemplate\":\"https:\\\/\\\/www.trescal.dk\\\/sv\\\/?s={search_term_string}\"},\"query-input\":{\"@type\":\"PropertyValueSpecification\",\"valueRequired\":true,\"valueName\":\"search_term_string\"}}],\"inLanguage\":\"sv-SE\"}]}<\/script>\n<!-- \/ Yoast SEO plugin. -->","yoast_head_json":{"title":"Karri\u00e4rm\u00f6jligheter inom Trescal - Sverige","robots":{"index":"index","follow":"follow","max-snippet":"max-snippet:-1","max-image-preview":"max-image-preview:large","max-video-preview":"max-video-preview:-1"},"canonical":"https:\/\/www.trescal.dk\/sv\/jobb\/karriarmojligheter-inom-trescal\/","og_locale":"sv_SE","og_type":"article","og_title":"Karri\u00e4rm\u00f6jligheter inom Trescal - Sverige","og_url":"https:\/\/www.trescal.dk\/sv\/jobb\/karriarmojligheter-inom-trescal\/","og_site_name":"Sverige","article_modified_time":"2021-02-05T08:09:48+00:00","og_image":[{"width":1800,"height":1400,"url":"https:\/\/www.trescal.dk\/wp-content\/uploads\/sites\/65\/2020\/08\/trescal_trescal_carreers_header_2.jpg","type":"image\/jpeg"}],"twitter_card":"summary_large_image","twitter_misc":{"Ber\u00e4knad l\u00e4stid":"3 minuter"},"schema":{"@context":"https:\/\/schema.org","@graph":[{"@type":"WebPage","@id":"https:\/\/www.trescal.dk\/sv\/jobb\/karriarmojligheter-inom-trescal\/","url":"https:\/\/www.trescal.dk\/sv\/jobb\/karriarmojligheter-inom-trescal\/","name":"Karri\u00e4rm\u00f6jligheter inom Trescal - Sverige","isPartOf":{"@id":"https:\/\/www.trescal.dk\/sv\/#website"},"primaryImageOfPage":{"@id":"https:\/\/www.trescal.dk\/sv\/jobb\/karriarmojligheter-inom-trescal\/#primaryimage"},"image":{"@id":"https:\/\/www.trescal.dk\/sv\/jobb\/karriarmojligheter-inom-trescal\/#primaryimage"},"thumbnailUrl":"https:\/\/www.trescal.dk\/wp-content\/uploads\/sites\/65\/2020\/08\/trescal_trescal_carreers_header_2.jpg","datePublished":"2020-04-20T15:34:06+00:00","dateModified":"2021-02-05T08:09:48+00:00","breadcrumb":{"@id":"https:\/\/www.trescal.dk\/sv\/jobb\/karriarmojligheter-inom-trescal\/#breadcrumb"},"inLanguage":"sv-SE","potentialAction":[{"@type":"ReadAction","target":["https:\/\/www.trescal.dk\/sv\/jobb\/karriarmojligheter-inom-trescal\/"]}]},{"@type":"ImageObject","inLanguage":"sv-SE","@id":"https:\/\/www.trescal.dk\/sv\/jobb\/karriarmojligheter-inom-trescal\/#primaryimage","url":"https:\/\/www.trescal.dk\/wp-content\/uploads\/sites\/65\/2020\/08\/trescal_trescal_carreers_header_2.jpg","contentUrl":"https:\/\/www.trescal.dk\/wp-content\/uploads\/sites\/65\/2020\/08\/trescal_trescal_carreers_header_2.jpg","width":1800,"height":1400},{"@type":"BreadcrumbList","@id":"https:\/\/www.trescal.dk\/sv\/jobb\/karriarmojligheter-inom-trescal\/#breadcrumb","itemListElement":[{"@type":"ListItem","position":1,"name":"Hjem","item":"https:\/\/www.trescal.dk\/sv\/"},{"@type":"ListItem","position":2,"name":"Jobb","item":"https:\/\/www.trescal.dk\/sv\/jobb\/"},{"@type":"ListItem","position":3,"name":"Karri\u00e4rm\u00f6jligheter inom Trescal"}]},{"@type":"WebSite","@id":"https:\/\/www.trescal.dk\/sv\/#website","url":"https:\/\/www.trescal.dk\/sv\/","name":"Sverige","description":"| calibration solutions to improve your performance |","potentialAction":[{"@type":"SearchAction","target":{"@type":"EntryPoint","urlTemplate":"https:\/\/www.trescal.dk\/sv\/?s={search_term_string}"},"query-input":{"@type":"PropertyValueSpecification","valueRequired":true,"valueName":"search_term_string"}}],"inLanguage":"sv-SE"}]}},"_links":{"self":[{"href":"https:\/\/www.trescal.dk\/sv\/wp-json\/wp\/v2\/pages\/5029","targetHints":{"allow":["GET"]}}],"collection":[{"href":"https:\/\/www.trescal.dk\/sv\/wp-json\/wp\/v2\/pages"}],"about":[{"href":"https:\/\/www.trescal.dk\/sv\/wp-json\/wp\/v2\/types\/page"}],"author":[{"embeddable":true,"href":"https:\/\/www.trescal.dk\/sv\/wp-json\/wp\/v2\/users\/1"}],"replies":[{"embeddable":true,"href":"https:\/\/www.trescal.dk\/sv\/wp-json\/wp\/v2\/comments?post=5029"}],"version-history":[{"count":0,"href":"https:\/\/www.trescal.dk\/sv\/wp-json\/wp\/v2\/pages\/5029\/revisions"}],"up":[{"embeddable":true,"href":"https:\/\/www.trescal.dk\/sv\/wp-json\/wp\/v2\/pages\/5088"}],"wp:featuredmedia":[{"embeddable":true,"href":"https:\/\/www.trescal.dk\/sv\/wp-json\/wp\/v2\/media\/5031"}],"wp:attachment":[{"href":"https:\/\/www.trescal.dk\/sv\/wp-json\/wp\/v2\/media?parent=5029"}],"curies":[{"name":"wp","href":"https:\/\/api.w.org\/{rel}","templated":true}]}}