{"id":4992,"date":"2020-07-02T09:23:30","date_gmt":"2020-07-02T09:23:30","guid":{"rendered":"https:\/\/se.www.trescal.com\/other-services\/"},"modified":"2021-01-29T07:28:37","modified_gmt":"2021-01-29T07:28:37","slug":"ovriga-tjanster","status":"publish","type":"page","link":"https:\/\/www.trescal.dk\/sv\/losningar-och-tjanster\/ovriga-tjanster\/","title":{"rendered":"\u00d6vriga tj\u00e4nster"},"content":{"rendered":"\n<div class=\"wp-block-media-text alignfull has-media-on-the-right is-stacked-on-mobile\"><figure class=\"wp-block-media-text__media\"><img decoding=\"async\" width=\"1024\" height=\"683\" data-src=\"https:\/\/se.www.trescal.com\/wp-content\/uploads\/sites\/65\/2021\/01\/IMG_3230-1-1-1024x683.jpg\" alt=\"\" class=\"wp-image-5872 size-full lazyload\" data-srcset=\"https:\/\/www.trescal.dk\/wp-content\/uploads\/sites\/65\/2021\/01\/IMG_3230-1-1-1024x683.jpg 1024w, https:\/\/www.trescal.dk\/wp-content\/uploads\/sites\/65\/2021\/01\/IMG_3230-1-1-300x200.jpg 300w, https:\/\/www.trescal.dk\/wp-content\/uploads\/sites\/65\/2021\/01\/IMG_3230-1-1-768x512.jpg 768w, https:\/\/www.trescal.dk\/wp-content\/uploads\/sites\/65\/2021\/01\/IMG_3230-1-1-1536x1024.jpg 1536w, https:\/\/www.trescal.dk\/wp-content\/uploads\/sites\/65\/2021\/01\/IMG_3230-1-1-2048x1365.jpg 2048w, https:\/\/www.trescal.dk\/wp-content\/uploads\/sites\/65\/2021\/01\/IMG_3230-1-1-5x3.jpg 5w, https:\/\/www.trescal.dk\/wp-content\/uploads\/sites\/65\/2021\/01\/IMG_3230-1-1-600x400.jpg 600w, https:\/\/www.trescal.dk\/wp-content\/uploads\/sites\/65\/2021\/01\/IMG_3230-1-1-1280x853.jpg 1280w, https:\/\/www.trescal.dk\/wp-content\/uploads\/sites\/65\/2021\/01\/IMG_3230-1-1-1900x1267.jpg 1900w\" data-sizes=\"(max-width: 1024px) 100vw, 1024px\" src=\"data:image\/svg+xml;base64,PHN2ZyB3aWR0aD0iMSIgaGVpZ2h0PSIxIiB4bWxucz0iaHR0cDovL3d3dy53My5vcmcvMjAwMC9zdmciPjwvc3ZnPg==\" style=\"--smush-placeholder-width: 1024px; --smush-placeholder-aspect-ratio: 1024\/683;\" \/><\/figure><div class=\"wp-block-media-text__content\">\n<h3 class=\"wp-block-heading\" id=\"anc_formation\"><strong>Utbildning och r\u00e5dgivning<\/strong><\/h3>\n\n\n\n<p>Via Trescal Institute erbjuder Trescal utbildning inom <strong>metrologi <\/strong>och<strong>&nbsp;teknik <\/strong>f\u00f6r olika m\u00e5lgrupper p\u00e5 beg\u00e4ran fr\u00e5n sina kunder. Utbildning ges i allt fr\u00e5n metrologi till optimal anv\u00e4ndning av utrustning.<\/p>\n\n\n\n<p><strong><span style=\"color:#095ba5\" class=\"tadv-color\">V\u00e5ra kurser:<\/span><\/strong><\/p>\n\n\n\n<ul class=\"wp-block-list\"><li>\u00c4r skr\u00e4ddarsydda f\u00f6r att passa Trescals kunder<\/li><li>Omfattar teoretiska och praktiska sessioner<\/li><li>Inneh\u00e5ller anpassade och regelbundet uppdaterade program<\/li><li>Leds av Trescal-utbildare som \u00e4r experter inom sitt omr\u00e5de<\/li><\/ul>\n\n\n\n<p>Trescal Institute finns i Tyskland, Asien, Frankrike, Storbritannien och USA.<\/p>\n\n\n\n<p><strong><span style=\"color:#095ba5\" class=\"tadv-color\">Trescal erbjuder ocks\u00e5 <strong>r\u00e5dgivningstj\u00e4nster<\/strong>:<\/span><\/strong><\/p>\n\n\n\n<ul class=\"wp-block-list\"><li>Full support under din <strong>ackrediterings- och\/eller certifieringsprocess<\/strong><\/li><li>R\u00e5dgivning n\u00e4r du <strong>flyttar ditt laboratorium<\/strong><\/li><li>R\u00e5dgivning som en del av teknisk expertis<\/li><li>Och mycket annat<\/li><\/ul>\n\n\n\n<div class=\"wp-block-buttons is-layout-flex wp-block-buttons-is-layout-flex\">\n<div class=\"wp-block-button is-style-outline is-style-outline--1\"><a class=\"wp-block-button__link\" href=\"#contact\" target=\"_blank\" rel=\"noreferrer noopener\">Kontakta oss!<\/a><\/div>\n<\/div>\n<\/div><\/div>\n\n\n\n<div class=\"wp-block-columns alignfull is-layout-flex wp-container-core-columns-is-layout-9d6595d7 wp-block-columns-is-layout-flex\">\n<div class=\"wp-block-column is-layout-flow wp-block-column-is-layout-flow\" style=\"flex-basis:66.66%\">\n<h3 class=\"wp-block-heading\" id=\"anc_validation\"><strong>Validering och kvalificering<\/strong><\/h3>\n\n\n\n<p>F\u00f6r kunder inom l\u00e4kemedels- och kosmetikindustrin erbjuder Trescal ocks\u00e5 flera laboratorier som \u00e4r specialiserade p\u00e5 validering och kvalificering.<\/p>\n\n\n\n<p><strong><span style=\"color:#095ba5\" class=\"tadv-color\">Kvalificering<\/span><\/strong><br>\u00e4r en tj\u00e4nst som visar att den installerade <strong>utrustningen <\/strong>&nbsp;fungerar i enlighet med g\u00e4llande best\u00e4mmelser under de olika kvalificeringsfaserna.<\/p>\n\n\n\n<p><strong><span style=\"color:#095ba5\" class=\"tadv-color\"><strong>Validering<\/strong><\/span><\/strong><br>\u00e4r dokumenterat bevis p\u00e5 att <strong>systemen, processerna och utrustningen<\/strong> uppfyller b\u00e5de kraven f\u00f6r deras avsedda anv\u00e4ndning och g\u00e4llande best\u00e4mmelser.<\/p>\n<\/div>\n\n\n\n<div class=\"wp-block-column is-layout-flow wp-block-column-is-layout-flow\" style=\"flex-basis:33.33%\"><\/div>\n<\/div>\n\n\n<div class=\"wp-block-column\">\n\t\t<div class=\"wp-block-column-row\">\n\t\t\t\t<div class=\"wp-block-column-heading wp-block-column-count-3\">\n\t\t\t<h5>Trescal erbjuder kvalificeringstj\u00e4nster inom f\u00f6ljande omr\u00e5den<\/h5>\n\t\t<\/div>\n\t\t\t\t<div class=\"wp-block-column-heading wp-block-column-count-3\">\n\t\t\t<h5>Trescal erbjuder valideringstj\u00e4nster inom f\u00f6ljande omr\u00e5den<\/h5>\n\t\t<\/div>\n\t\t\t\t<div class=\"wp-block-column-heading wp-block-column-count-3\">\n\t\t\t<h5>Vi erbjuder v\u00e5ra kunder f\u00f6ljande<\/h5>\n\t\t<\/div>\n\t\t\t<\/div>\n\t<div class=\"wp-block-column-row\">\n\t\t\t\t<div class=\"wp-block-column-content wp-block-column-count-3\">\n\t\t\t<ul class=\"rich-text block-editor-rich-text__editable\" role=\"textbox\" aria-label=\"R\u00e9digez une liste\u2026\">\n<li>Hantering av reng\u00f6ringsprocesser<\/li>\n<li>Analytisk utrustning<\/li>\n<li>Produktion och f\u00f6rpackningsutrustning<\/li>\n<li>Expertis\/r\u00e5dgivning om GMP-, BNP- och QRM-standarder, 21 CFR del 11, bilaga 11 EU, GMP, GAMP5, dataintegritet<\/li>\n<li>Rena lokaler<\/li>\n<li>Termisk utrustning<\/li>\n<li>Logistik<\/li>\n<li>Kammare och isolatorer<\/li>\n<\/ul>\n\t\t<\/div>\n\t\t\t\t<div class=\"wp-block-column-content wp-block-column-count-3\">\n\t\t\t<ul class=\"rich-text block-editor-rich-text__editable\" role=\"textbox\" aria-label=\"R\u00e9digez une liste\u2026\">\n<li>Informationssystem<\/li>\n<li>IT-infrastrukturer<\/li>\n<li>Faciliteter och tj\u00e4nster<\/li>\n<li>Analytiska metoder<\/li>\n<li>Tillverknings- och f\u00f6rpackningsprocesser<\/li>\n<li>Rena lokaler\/v\u00e4rme, ventilation och luftkonditionering (eller \u201dVVS\u201d)<\/li>\n<li>Kylkedjan<\/li>\n<li>Transport<\/li>\n<\/ul>\n\t\t<\/div>\n\t\t\t\t<div class=\"wp-block-column-content wp-block-column-count-3\">\n\t\t\t<ul class=\"rich-text block-editor-rich-text__editable\" role=\"textbox\" aria-label=\"R\u00e9digez une liste\u2026\">\n<li>Anv\u00e4ndning av standarder som garanterar maximal noggrannhet<\/li>\n<li>Specifika kvalifikationsstandarder<\/li>\n<li>Tr\u00e5dl\u00f6sa sensorer<\/li>\n<li>H\u00f6gkvalificerade och utbildade ingenj\u00f6rer och tekniker<\/li>\n<li>Ett tv\u00e4rvetenskapligt team<\/li>\n<li>\u00d6ver 20 \u00e5rs kvalifikationserfarenhet<\/li>\n<\/ul>\n\t\t<\/div>\n\t\t\t<\/div>\n<\/div>\n\n\n\n<div class=\"wp-block-media-text alignfull is-stacked-on-mobile\"><figure class=\"wp-block-media-text__media\"><img decoding=\"async\" width=\"1024\" height=\"788\" data-src=\"https:\/\/se.www.trescal.com\/wp-content\/uploads\/sites\/65\/2020\/07\/trescal_other_services_3-1024x788.jpg\" alt=\"\" class=\"wp-image-4999 size-full lazyload\" data-srcset=\"https:\/\/www.trescal.dk\/wp-content\/uploads\/sites\/65\/2020\/07\/trescal_other_services_3-1024x788.jpg 1024w, https:\/\/www.trescal.dk\/wp-content\/uploads\/sites\/65\/2020\/07\/trescal_other_services_3-300x231.jpg 300w, https:\/\/www.trescal.dk\/wp-content\/uploads\/sites\/65\/2020\/07\/trescal_other_services_3-768x591.jpg 768w, https:\/\/www.trescal.dk\/wp-content\/uploads\/sites\/65\/2020\/07\/trescal_other_services_3-5x4.jpg 5w, https:\/\/www.trescal.dk\/wp-content\/uploads\/sites\/65\/2020\/07\/trescal_other_services_3-600x462.jpg 600w, https:\/\/www.trescal.dk\/wp-content\/uploads\/sites\/65\/2020\/07\/trescal_other_services_3-1280x985.jpg 1280w, https:\/\/www.trescal.dk\/wp-content\/uploads\/sites\/65\/2020\/07\/trescal_other_services_3.jpg 1300w\" data-sizes=\"(max-width: 1024px) 100vw, 1024px\" src=\"data:image\/svg+xml;base64,PHN2ZyB3aWR0aD0iMSIgaGVpZ2h0PSIxIiB4bWxucz0iaHR0cDovL3d3dy53My5vcmcvMjAwMC9zdmciPjwvc3ZnPg==\" style=\"--smush-placeholder-width: 1024px; --smush-placeholder-aspect-ratio: 1024\/788;\" \/><\/figure><div class=\"wp-block-media-text__content\">\n<h3 class=\"wp-block-heading\"><strong>Och m\u00e5nga fler tj\u00e4nster!<\/strong><\/h3>\n\n\n\n<p>Trescal erbjuder \u00e4ven en m\u00e4ngd andra tj\u00e4nster:<\/p>\n\n\n\n<ul class=\"wp-block-list\"><li>Inspektion<\/li><li>Juridisk metrologi<\/li><li>Teknik: automatisering och specialdesign<\/li><li>3D-m\u00e4tning<\/li><li>Termoelementstillverkning<\/li><li>Elektriska och pneumatiska monteringsverktyg och system<\/li><li>Och annat<\/li><\/ul>\n\n\n\n<div class=\"wp-block-columns alignfull is-layout-flex wp-container-core-columns-is-layout-9d6595d7 wp-block-columns-is-layout-flex\">\n<div class=\"wp-block-column is-layout-flow wp-block-column-is-layout-flow\" style=\"flex-basis:66.66%\">\n<div class=\"wp-block-buttons is-layout-flex wp-block-buttons-is-layout-flex\">\n<div class=\"wp-block-button is-style-outline is-style-outline--2\"><a class=\"wp-block-button__link\" href=\"#contact\" target=\"_blank\" rel=\"noreferrer noopener\">Kontakta oss g\u00e4rna f\u00f6r mer information om n\u00e5gon av dessa tj\u00e4nster!<\/a><\/div>\n<\/div>\n<\/div>\n\n\n\n<div class=\"wp-block-column is-layout-flow wp-block-column-is-layout-flow\" style=\"flex-basis:33.33%\"><\/div>\n<\/div>\n<\/div><\/div>\n","protected":false},"excerpt":{"rendered":"Validering och kvalificering F\u00f6r kunder inom l\u00e4kemedels- och kosmetikindustrin erbjuder Trescal ocks\u00e5 flera laboratorier som \u00e4r specialiserade p\u00e5 validering och","protected":false},"author":1,"featured_media":5671,"parent":5081,"menu_order":4,"comment_status":"closed","ping_status":"closed","template":"template-thumbnail.php","meta":{"_acf_changed":false,"inline_featured_image":false,"footnotes":""},"class_list":["post-4992","page","type-page","status-publish","has-post-thumbnail","hentry"],"acf":[],"yoast_head":"<!-- This site is optimized with the Yoast SEO plugin v27.3 - https:\/\/yoast.com\/product\/yoast-seo-wordpress\/ -->\n<title>\u00d6vriga tj\u00e4nster - Sverige<\/title>\n<meta name=\"robots\" content=\"index, follow, max-snippet:-1, max-image-preview:large, max-video-preview:-1\" \/>\n<link rel=\"canonical\" href=\"https:\/\/www.trescal.dk\/sv\/losningar-och-tjanster\/ovriga-tjanster\/\" \/>\n<meta property=\"og:locale\" content=\"sv_SE\" \/>\n<meta property=\"og:type\" content=\"article\" \/>\n<meta property=\"og:title\" content=\"\u00d6vriga tj\u00e4nster - Sverige\" \/>\n<meta property=\"og:description\" content=\"Validering och kvalificering F\u00f6r kunder inom l\u00e4kemedels- och kosmetikindustrin erbjuder Trescal ocks\u00e5 flera laboratorier som \u00e4r specialiserade p\u00e5 validering och\" \/>\n<meta property=\"og:url\" content=\"https:\/\/www.trescal.dk\/sv\/losningar-och-tjanster\/ovriga-tjanster\/\" \/>\n<meta property=\"og:site_name\" content=\"Sverige\" \/>\n<meta property=\"article:modified_time\" content=\"2021-01-29T07:28:37+00:00\" \/>\n<meta property=\"og:image\" content=\"https:\/\/www.trescal.dk\/wp-content\/uploads\/sites\/65\/2020\/12\/TECHNICAL_SPAIN_BILBAO_2020_DIMENSIONAL-85-1024x769-2.jpg\" \/>\n\t<meta property=\"og:image:width\" content=\"1024\" \/>\n\t<meta property=\"og:image:height\" content=\"769\" \/>\n\t<meta property=\"og:image:type\" content=\"image\/jpeg\" \/>\n<meta name=\"twitter:card\" content=\"summary_large_image\" \/>\n<meta name=\"twitter:label1\" content=\"Ber\u00e4knad l\u00e4stid\" \/>\n\t<meta name=\"twitter:data1\" content=\"2 minuter\" \/>\n<script type=\"application\/ld+json\" class=\"yoast-schema-graph\">{\"@context\":\"https:\\\/\\\/schema.org\",\"@graph\":[{\"@type\":\"WebPage\",\"@id\":\"https:\\\/\\\/www.trescal.dk\\\/sv\\\/losningar-och-tjanster\\\/ovriga-tjanster\\\/\",\"url\":\"https:\\\/\\\/www.trescal.dk\\\/sv\\\/losningar-och-tjanster\\\/ovriga-tjanster\\\/\",\"name\":\"\u00d6vriga tj\u00e4nster - Sverige\",\"isPartOf\":{\"@id\":\"https:\\\/\\\/www.trescal.dk\\\/sv\\\/#website\"},\"primaryImageOfPage\":{\"@id\":\"https:\\\/\\\/www.trescal.dk\\\/sv\\\/losningar-och-tjanster\\\/ovriga-tjanster\\\/#primaryimage\"},\"image\":{\"@id\":\"https:\\\/\\\/www.trescal.dk\\\/sv\\\/losningar-och-tjanster\\\/ovriga-tjanster\\\/#primaryimage\"},\"thumbnailUrl\":\"https:\\\/\\\/www.trescal.dk\\\/wp-content\\\/uploads\\\/sites\\\/65\\\/2020\\\/12\\\/TECHNICAL_SPAIN_BILBAO_2020_DIMENSIONAL-85-1024x769-2.jpg\",\"datePublished\":\"2020-07-02T09:23:30+00:00\",\"dateModified\":\"2021-01-29T07:28:37+00:00\",\"breadcrumb\":{\"@id\":\"https:\\\/\\\/www.trescal.dk\\\/sv\\\/losningar-och-tjanster\\\/ovriga-tjanster\\\/#breadcrumb\"},\"inLanguage\":\"sv-SE\",\"potentialAction\":[{\"@type\":\"ReadAction\",\"target\":[\"https:\\\/\\\/www.trescal.dk\\\/sv\\\/losningar-och-tjanster\\\/ovriga-tjanster\\\/\"]}]},{\"@type\":\"ImageObject\",\"inLanguage\":\"sv-SE\",\"@id\":\"https:\\\/\\\/www.trescal.dk\\\/sv\\\/losningar-och-tjanster\\\/ovriga-tjanster\\\/#primaryimage\",\"url\":\"https:\\\/\\\/www.trescal.dk\\\/wp-content\\\/uploads\\\/sites\\\/65\\\/2020\\\/12\\\/TECHNICAL_SPAIN_BILBAO_2020_DIMENSIONAL-85-1024x769-2.jpg\",\"contentUrl\":\"https:\\\/\\\/www.trescal.dk\\\/wp-content\\\/uploads\\\/sites\\\/65\\\/2020\\\/12\\\/TECHNICAL_SPAIN_BILBAO_2020_DIMENSIONAL-85-1024x769-2.jpg\",\"width\":1024,\"height\":769},{\"@type\":\"BreadcrumbList\",\"@id\":\"https:\\\/\\\/www.trescal.dk\\\/sv\\\/losningar-och-tjanster\\\/ovriga-tjanster\\\/#breadcrumb\",\"itemListElement\":[{\"@type\":\"ListItem\",\"position\":1,\"name\":\"Hjem\",\"item\":\"https:\\\/\\\/www.trescal.dk\\\/sv\\\/\"},{\"@type\":\"ListItem\",\"position\":2,\"name\":\"L\u00f6sningar och tj\u00e4nster\",\"item\":\"https:\\\/\\\/www.trescal.dk\\\/sv\\\/losningar-och-tjanster\\\/\"},{\"@type\":\"ListItem\",\"position\":3,\"name\":\"\u00d6vriga tj\u00e4nster\"}]},{\"@type\":\"WebSite\",\"@id\":\"https:\\\/\\\/www.trescal.dk\\\/sv\\\/#website\",\"url\":\"https:\\\/\\\/www.trescal.dk\\\/sv\\\/\",\"name\":\"Sverige\",\"description\":\"| calibration solutions to improve your performance |\",\"potentialAction\":[{\"@type\":\"SearchAction\",\"target\":{\"@type\":\"EntryPoint\",\"urlTemplate\":\"https:\\\/\\\/www.trescal.dk\\\/sv\\\/?s={search_term_string}\"},\"query-input\":{\"@type\":\"PropertyValueSpecification\",\"valueRequired\":true,\"valueName\":\"search_term_string\"}}],\"inLanguage\":\"sv-SE\"}]}<\/script>\n<!-- \/ Yoast SEO plugin. -->","yoast_head_json":{"title":"\u00d6vriga tj\u00e4nster - Sverige","robots":{"index":"index","follow":"follow","max-snippet":"max-snippet:-1","max-image-preview":"max-image-preview:large","max-video-preview":"max-video-preview:-1"},"canonical":"https:\/\/www.trescal.dk\/sv\/losningar-och-tjanster\/ovriga-tjanster\/","og_locale":"sv_SE","og_type":"article","og_title":"\u00d6vriga tj\u00e4nster - Sverige","og_description":"Validering och kvalificering F\u00f6r kunder inom l\u00e4kemedels- och kosmetikindustrin erbjuder Trescal ocks\u00e5 flera laboratorier som \u00e4r specialiserade p\u00e5 validering och","og_url":"https:\/\/www.trescal.dk\/sv\/losningar-och-tjanster\/ovriga-tjanster\/","og_site_name":"Sverige","article_modified_time":"2021-01-29T07:28:37+00:00","og_image":[{"width":1024,"height":769,"url":"https:\/\/www.trescal.dk\/wp-content\/uploads\/sites\/65\/2020\/12\/TECHNICAL_SPAIN_BILBAO_2020_DIMENSIONAL-85-1024x769-2.jpg","type":"image\/jpeg"}],"twitter_card":"summary_large_image","twitter_misc":{"Ber\u00e4knad l\u00e4stid":"2 minuter"},"schema":{"@context":"https:\/\/schema.org","@graph":[{"@type":"WebPage","@id":"https:\/\/www.trescal.dk\/sv\/losningar-och-tjanster\/ovriga-tjanster\/","url":"https:\/\/www.trescal.dk\/sv\/losningar-och-tjanster\/ovriga-tjanster\/","name":"\u00d6vriga tj\u00e4nster - Sverige","isPartOf":{"@id":"https:\/\/www.trescal.dk\/sv\/#website"},"primaryImageOfPage":{"@id":"https:\/\/www.trescal.dk\/sv\/losningar-och-tjanster\/ovriga-tjanster\/#primaryimage"},"image":{"@id":"https:\/\/www.trescal.dk\/sv\/losningar-och-tjanster\/ovriga-tjanster\/#primaryimage"},"thumbnailUrl":"https:\/\/www.trescal.dk\/wp-content\/uploads\/sites\/65\/2020\/12\/TECHNICAL_SPAIN_BILBAO_2020_DIMENSIONAL-85-1024x769-2.jpg","datePublished":"2020-07-02T09:23:30+00:00","dateModified":"2021-01-29T07:28:37+00:00","breadcrumb":{"@id":"https:\/\/www.trescal.dk\/sv\/losningar-och-tjanster\/ovriga-tjanster\/#breadcrumb"},"inLanguage":"sv-SE","potentialAction":[{"@type":"ReadAction","target":["https:\/\/www.trescal.dk\/sv\/losningar-och-tjanster\/ovriga-tjanster\/"]}]},{"@type":"ImageObject","inLanguage":"sv-SE","@id":"https:\/\/www.trescal.dk\/sv\/losningar-och-tjanster\/ovriga-tjanster\/#primaryimage","url":"https:\/\/www.trescal.dk\/wp-content\/uploads\/sites\/65\/2020\/12\/TECHNICAL_SPAIN_BILBAO_2020_DIMENSIONAL-85-1024x769-2.jpg","contentUrl":"https:\/\/www.trescal.dk\/wp-content\/uploads\/sites\/65\/2020\/12\/TECHNICAL_SPAIN_BILBAO_2020_DIMENSIONAL-85-1024x769-2.jpg","width":1024,"height":769},{"@type":"BreadcrumbList","@id":"https:\/\/www.trescal.dk\/sv\/losningar-och-tjanster\/ovriga-tjanster\/#breadcrumb","itemListElement":[{"@type":"ListItem","position":1,"name":"Hjem","item":"https:\/\/www.trescal.dk\/sv\/"},{"@type":"ListItem","position":2,"name":"L\u00f6sningar och tj\u00e4nster","item":"https:\/\/www.trescal.dk\/sv\/losningar-och-tjanster\/"},{"@type":"ListItem","position":3,"name":"\u00d6vriga tj\u00e4nster"}]},{"@type":"WebSite","@id":"https:\/\/www.trescal.dk\/sv\/#website","url":"https:\/\/www.trescal.dk\/sv\/","name":"Sverige","description":"| calibration solutions to improve your performance |","potentialAction":[{"@type":"SearchAction","target":{"@type":"EntryPoint","urlTemplate":"https:\/\/www.trescal.dk\/sv\/?s={search_term_string}"},"query-input":{"@type":"PropertyValueSpecification","valueRequired":true,"valueName":"search_term_string"}}],"inLanguage":"sv-SE"}]}},"_links":{"self":[{"href":"https:\/\/www.trescal.dk\/sv\/wp-json\/wp\/v2\/pages\/4992","targetHints":{"allow":["GET"]}}],"collection":[{"href":"https:\/\/www.trescal.dk\/sv\/wp-json\/wp\/v2\/pages"}],"about":[{"href":"https:\/\/www.trescal.dk\/sv\/wp-json\/wp\/v2\/types\/page"}],"author":[{"embeddable":true,"href":"https:\/\/www.trescal.dk\/sv\/wp-json\/wp\/v2\/users\/1"}],"replies":[{"embeddable":true,"href":"https:\/\/www.trescal.dk\/sv\/wp-json\/wp\/v2\/comments?post=4992"}],"version-history":[{"count":0,"href":"https:\/\/www.trescal.dk\/sv\/wp-json\/wp\/v2\/pages\/4992\/revisions"}],"up":[{"embeddable":true,"href":"https:\/\/www.trescal.dk\/sv\/wp-json\/wp\/v2\/pages\/5081"}],"wp:featuredmedia":[{"embeddable":true,"href":"https:\/\/www.trescal.dk\/sv\/wp-json\/wp\/v2\/media\/5671"}],"wp:attachment":[{"href":"https:\/\/www.trescal.dk\/sv\/wp-json\/wp\/v2\/media?parent=4992"}],"curies":[{"name":"wp","href":"https:\/\/api.w.org\/{rel}","templated":true}]}}