{"id":4983,"date":"2020-07-02T09:25:04","date_gmt":"2020-07-02T09:25:04","guid":{"rendered":"https:\/\/se.www.trescal.com\/asset-management\/"},"modified":"2021-01-29T07:19:53","modified_gmt":"2021-01-29T07:19:53","slug":"tillgangshantering","status":"publish","type":"page","link":"https:\/\/www.trescal.dk\/sv\/losningar-och-tjanster\/tillgangshantering\/","title":{"rendered":"Tillg\u00e5ngshantering"},"content":{"rendered":"\n<div class=\"wp-block-media-text alignfull has-media-on-the-right is-stacked-on-mobile\"><figure class=\"wp-block-media-text__media\"><img decoding=\"async\" width=\"1024\" height=\"816\" data-src=\"https:\/\/se.www.trescal.com\/wp-content\/uploads\/sites\/65\/2021\/01\/AdobeStock_227421765-1024x816.jpeg\" alt=\"\" class=\"wp-image-5807 size-full lazyload\" data-srcset=\"https:\/\/www.trescal.dk\/wp-content\/uploads\/sites\/65\/2021\/01\/AdobeStock_227421765-1024x816.jpeg 1024w, https:\/\/www.trescal.dk\/wp-content\/uploads\/sites\/65\/2021\/01\/AdobeStock_227421765-300x239.jpeg 300w, https:\/\/www.trescal.dk\/wp-content\/uploads\/sites\/65\/2021\/01\/AdobeStock_227421765-768x612.jpeg 768w, https:\/\/www.trescal.dk\/wp-content\/uploads\/sites\/65\/2021\/01\/AdobeStock_227421765-1536x1224.jpeg 1536w, https:\/\/www.trescal.dk\/wp-content\/uploads\/sites\/65\/2021\/01\/AdobeStock_227421765-2048x1632.jpeg 2048w, https:\/\/www.trescal.dk\/wp-content\/uploads\/sites\/65\/2021\/01\/AdobeStock_227421765-5x4.jpeg 5w, https:\/\/www.trescal.dk\/wp-content\/uploads\/sites\/65\/2021\/01\/AdobeStock_227421765-600x478.jpeg 600w, https:\/\/www.trescal.dk\/wp-content\/uploads\/sites\/65\/2021\/01\/AdobeStock_227421765-1280x1020.jpeg 1280w, https:\/\/www.trescal.dk\/wp-content\/uploads\/sites\/65\/2021\/01\/AdobeStock_227421765-1900x1514.jpeg 1900w\" data-sizes=\"(max-width: 1024px) 100vw, 1024px\" src=\"data:image\/svg+xml;base64,PHN2ZyB3aWR0aD0iMSIgaGVpZ2h0PSIxIiB4bWxucz0iaHR0cDovL3d3dy53My5vcmcvMjAwMC9zdmciPjwvc3ZnPg==\" style=\"--smush-placeholder-width: 1024px; --smush-placeholder-aspect-ratio: 1024\/816;\" \/><\/figure><div class=\"wp-block-media-text__content\">\n<p>Trescal har utvecklat verktyg och metoder f\u00f6r att st\u00f6dja och optimera dessa serviceniv\u00e5er, i synnerhet:<\/p>\n\n\n\n<ul class=\"wp-block-list\"><li>Dedikerad programvara<\/li><li>Str\u00f6mlinjeformning och poolningsl\u00f6sningar f\u00f6r tillg\u00e5ngshantering<\/li><li>En metod f\u00f6r optimering av kalibreringsintervall (OiCM)<\/li><\/ul>\n\n\n\n<p>Dessa tj\u00e4nster tillhandah\u00e5lls av specialister. Deras rekommendationer uppfyller kraven i standarderna ISO 9001 och ISO\/IEC 17025.<a href=\"https:\/\/se.www.trescal.com\/sv\/solutions-and-services\/our-capabilities-accreditations-certifications\/#anc_certifications\" target=\"_blank\" rel=\"noreferrer noopener\">Se alla v\u00e5ra certifieringar.<\/a><\/p>\n<\/div><\/div>\n\n\n\n<div class=\"wp-block-media-text alignfull is-stacked-on-mobile\"><figure class=\"wp-block-media-text__media\"><img decoding=\"async\" width=\"400\" height=\"300\" data-src=\"https:\/\/se.www.trescal.com\/wp-content\/uploads\/sites\/65\/2021\/01\/dim.png\" alt=\"\" class=\"wp-image-5822 size-full lazyload\" data-srcset=\"https:\/\/www.trescal.dk\/wp-content\/uploads\/sites\/65\/2021\/01\/dim.png 400w, https:\/\/www.trescal.dk\/wp-content\/uploads\/sites\/65\/2021\/01\/dim-300x225.png 300w, https:\/\/www.trescal.dk\/wp-content\/uploads\/sites\/65\/2021\/01\/dim-5x4.png 5w\" data-sizes=\"(max-width: 400px) 100vw, 400px\" src=\"data:image\/svg+xml;base64,PHN2ZyB3aWR0aD0iMSIgaGVpZ2h0PSIxIiB4bWxucz0iaHR0cDovL3d3dy53My5vcmcvMjAwMC9zdmciPjwvc3ZnPg==\" style=\"--smush-placeholder-width: 400px; --smush-placeholder-aspect-ratio: 400\/300;\" \/><\/figure><div class=\"wp-block-media-text__content\">\n<h3 class=\"wp-block-heading\"><strong>Sammanfattningsvis<\/strong><\/h3>\n\n\n\n<p>innefattar Trescals tillg\u00e5ngshanteringstj\u00e4nster f\u00f6ljande:<\/p>\n\n\n\n<ul class=\"wp-block-list\"><li>En nyckelf\u00e4rdig tj\u00e4nst som kan kopplas till metrologi<\/li><li>Ett verktyg f\u00f6r tillg\u00e5ngshantering<\/li><li>Ett rapporteringsverktyg<\/li><li>En dedikerad kundportal<\/li><li>Kompetens och beh\u00e4rskning av tekniska data och aff\u00e4rsdata<\/li><li>Kontrollerad och omfattande hantering<\/li><li>Tillg\u00e5ng till avancerade och interaktiva funktioner<\/li><li>En flerspr\u00e5kig l\u00f6sning<\/li><\/ul>\n<\/div><\/div>\n\n\n\n<div class=\"wp-block-button is-style-outline is-style-outline--1\"><a class=\"wp-block-button__link\" href=\"#contact\" target=\"_blank\" rel=\"noreferrer noopener\">Har du fr\u00e5gor? Kontakta oss!<\/a><\/div>\n","protected":false},"excerpt":{"rendered":"Trescal har utvecklat verktyg och metoder f\u00f6r att st\u00f6dja och optimera dessa serviceniv\u00e5er, i synnerhet: Dedikerad programvara Str\u00f6mlinjeformning och poolningsl\u00f6sningar","protected":false},"author":1,"featured_media":4985,"parent":5081,"menu_order":3,"comment_status":"closed","ping_status":"closed","template":"template-thumbnail.php","meta":{"_acf_changed":false,"inline_featured_image":false,"footnotes":""},"class_list":["post-4983","page","type-page","status-publish","has-post-thumbnail","hentry"],"acf":[],"yoast_head":"<!-- This site is optimized with the Yoast SEO plugin v27.3 - https:\/\/yoast.com\/product\/yoast-seo-wordpress\/ -->\n<title>Tillg\u00e5ngshantering - Sverige<\/title>\n<meta name=\"robots\" content=\"index, follow, max-snippet:-1, max-image-preview:large, max-video-preview:-1\" \/>\n<link rel=\"canonical\" href=\"https:\/\/www.trescal.dk\/sv\/losningar-och-tjanster\/tillgangshantering\/\" \/>\n<meta property=\"og:locale\" content=\"sv_SE\" \/>\n<meta property=\"og:type\" content=\"article\" \/>\n<meta property=\"og:title\" content=\"Tillg\u00e5ngshantering - Sverige\" \/>\n<meta property=\"og:description\" content=\"Trescal har utvecklat verktyg och metoder f\u00f6r att st\u00f6dja och optimera dessa serviceniv\u00e5er, i synnerhet: Dedikerad programvara Str\u00f6mlinjeformning och poolningsl\u00f6sningar\" \/>\n<meta property=\"og:url\" content=\"https:\/\/www.trescal.dk\/sv\/losningar-och-tjanster\/tillgangshantering\/\" \/>\n<meta property=\"og:site_name\" content=\"Sverige\" \/>\n<meta property=\"article:modified_time\" content=\"2021-01-29T07:19:53+00:00\" \/>\n<meta property=\"og:image\" content=\"https:\/\/www.trescal.dk\/wp-content\/uploads\/sites\/65\/2020\/08\/trescal_asset_management_header_2.jpg\" \/>\n\t<meta property=\"og:image:width\" content=\"1800\" \/>\n\t<meta property=\"og:image:height\" content=\"1400\" \/>\n\t<meta property=\"og:image:type\" content=\"image\/jpeg\" \/>\n<meta name=\"twitter:card\" content=\"summary_large_image\" \/>\n<meta name=\"twitter:label1\" content=\"Ber\u00e4knad l\u00e4stid\" \/>\n\t<meta name=\"twitter:data1\" content=\"1 minut\" \/>\n<script type=\"application\/ld+json\" class=\"yoast-schema-graph\">{\"@context\":\"https:\\\/\\\/schema.org\",\"@graph\":[{\"@type\":\"WebPage\",\"@id\":\"https:\\\/\\\/www.trescal.dk\\\/sv\\\/losningar-och-tjanster\\\/tillgangshantering\\\/\",\"url\":\"https:\\\/\\\/www.trescal.dk\\\/sv\\\/losningar-och-tjanster\\\/tillgangshantering\\\/\",\"name\":\"Tillg\u00e5ngshantering - Sverige\",\"isPartOf\":{\"@id\":\"https:\\\/\\\/www.trescal.dk\\\/sv\\\/#website\"},\"primaryImageOfPage\":{\"@id\":\"https:\\\/\\\/www.trescal.dk\\\/sv\\\/losningar-och-tjanster\\\/tillgangshantering\\\/#primaryimage\"},\"image\":{\"@id\":\"https:\\\/\\\/www.trescal.dk\\\/sv\\\/losningar-och-tjanster\\\/tillgangshantering\\\/#primaryimage\"},\"thumbnailUrl\":\"https:\\\/\\\/www.trescal.dk\\\/wp-content\\\/uploads\\\/sites\\\/65\\\/2020\\\/08\\\/trescal_asset_management_header_2.jpg\",\"datePublished\":\"2020-07-02T09:25:04+00:00\",\"dateModified\":\"2021-01-29T07:19:53+00:00\",\"breadcrumb\":{\"@id\":\"https:\\\/\\\/www.trescal.dk\\\/sv\\\/losningar-och-tjanster\\\/tillgangshantering\\\/#breadcrumb\"},\"inLanguage\":\"sv-SE\",\"potentialAction\":[{\"@type\":\"ReadAction\",\"target\":[\"https:\\\/\\\/www.trescal.dk\\\/sv\\\/losningar-och-tjanster\\\/tillgangshantering\\\/\"]}]},{\"@type\":\"ImageObject\",\"inLanguage\":\"sv-SE\",\"@id\":\"https:\\\/\\\/www.trescal.dk\\\/sv\\\/losningar-och-tjanster\\\/tillgangshantering\\\/#primaryimage\",\"url\":\"https:\\\/\\\/www.trescal.dk\\\/wp-content\\\/uploads\\\/sites\\\/65\\\/2020\\\/08\\\/trescal_asset_management_header_2.jpg\",\"contentUrl\":\"https:\\\/\\\/www.trescal.dk\\\/wp-content\\\/uploads\\\/sites\\\/65\\\/2020\\\/08\\\/trescal_asset_management_header_2.jpg\",\"width\":1800,\"height\":1400},{\"@type\":\"BreadcrumbList\",\"@id\":\"https:\\\/\\\/www.trescal.dk\\\/sv\\\/losningar-och-tjanster\\\/tillgangshantering\\\/#breadcrumb\",\"itemListElement\":[{\"@type\":\"ListItem\",\"position\":1,\"name\":\"Hjem\",\"item\":\"https:\\\/\\\/www.trescal.dk\\\/sv\\\/\"},{\"@type\":\"ListItem\",\"position\":2,\"name\":\"L\u00f6sningar och tj\u00e4nster\",\"item\":\"https:\\\/\\\/www.trescal.dk\\\/sv\\\/losningar-och-tjanster\\\/\"},{\"@type\":\"ListItem\",\"position\":3,\"name\":\"Tillg\u00e5ngshantering\"}]},{\"@type\":\"WebSite\",\"@id\":\"https:\\\/\\\/www.trescal.dk\\\/sv\\\/#website\",\"url\":\"https:\\\/\\\/www.trescal.dk\\\/sv\\\/\",\"name\":\"Sverige\",\"description\":\"| calibration solutions to improve your performance |\",\"potentialAction\":[{\"@type\":\"SearchAction\",\"target\":{\"@type\":\"EntryPoint\",\"urlTemplate\":\"https:\\\/\\\/www.trescal.dk\\\/sv\\\/?s={search_term_string}\"},\"query-input\":{\"@type\":\"PropertyValueSpecification\",\"valueRequired\":true,\"valueName\":\"search_term_string\"}}],\"inLanguage\":\"sv-SE\"}]}<\/script>\n<!-- \/ Yoast SEO plugin. -->","yoast_head_json":{"title":"Tillg\u00e5ngshantering - Sverige","robots":{"index":"index","follow":"follow","max-snippet":"max-snippet:-1","max-image-preview":"max-image-preview:large","max-video-preview":"max-video-preview:-1"},"canonical":"https:\/\/www.trescal.dk\/sv\/losningar-och-tjanster\/tillgangshantering\/","og_locale":"sv_SE","og_type":"article","og_title":"Tillg\u00e5ngshantering - Sverige","og_description":"Trescal har utvecklat verktyg och metoder f\u00f6r att st\u00f6dja och optimera dessa serviceniv\u00e5er, i synnerhet: Dedikerad programvara Str\u00f6mlinjeformning och poolningsl\u00f6sningar","og_url":"https:\/\/www.trescal.dk\/sv\/losningar-och-tjanster\/tillgangshantering\/","og_site_name":"Sverige","article_modified_time":"2021-01-29T07:19:53+00:00","og_image":[{"width":1800,"height":1400,"url":"https:\/\/www.trescal.dk\/wp-content\/uploads\/sites\/65\/2020\/08\/trescal_asset_management_header_2.jpg","type":"image\/jpeg"}],"twitter_card":"summary_large_image","twitter_misc":{"Ber\u00e4knad l\u00e4stid":"1 minut"},"schema":{"@context":"https:\/\/schema.org","@graph":[{"@type":"WebPage","@id":"https:\/\/www.trescal.dk\/sv\/losningar-och-tjanster\/tillgangshantering\/","url":"https:\/\/www.trescal.dk\/sv\/losningar-och-tjanster\/tillgangshantering\/","name":"Tillg\u00e5ngshantering - Sverige","isPartOf":{"@id":"https:\/\/www.trescal.dk\/sv\/#website"},"primaryImageOfPage":{"@id":"https:\/\/www.trescal.dk\/sv\/losningar-och-tjanster\/tillgangshantering\/#primaryimage"},"image":{"@id":"https:\/\/www.trescal.dk\/sv\/losningar-och-tjanster\/tillgangshantering\/#primaryimage"},"thumbnailUrl":"https:\/\/www.trescal.dk\/wp-content\/uploads\/sites\/65\/2020\/08\/trescal_asset_management_header_2.jpg","datePublished":"2020-07-02T09:25:04+00:00","dateModified":"2021-01-29T07:19:53+00:00","breadcrumb":{"@id":"https:\/\/www.trescal.dk\/sv\/losningar-och-tjanster\/tillgangshantering\/#breadcrumb"},"inLanguage":"sv-SE","potentialAction":[{"@type":"ReadAction","target":["https:\/\/www.trescal.dk\/sv\/losningar-och-tjanster\/tillgangshantering\/"]}]},{"@type":"ImageObject","inLanguage":"sv-SE","@id":"https:\/\/www.trescal.dk\/sv\/losningar-och-tjanster\/tillgangshantering\/#primaryimage","url":"https:\/\/www.trescal.dk\/wp-content\/uploads\/sites\/65\/2020\/08\/trescal_asset_management_header_2.jpg","contentUrl":"https:\/\/www.trescal.dk\/wp-content\/uploads\/sites\/65\/2020\/08\/trescal_asset_management_header_2.jpg","width":1800,"height":1400},{"@type":"BreadcrumbList","@id":"https:\/\/www.trescal.dk\/sv\/losningar-och-tjanster\/tillgangshantering\/#breadcrumb","itemListElement":[{"@type":"ListItem","position":1,"name":"Hjem","item":"https:\/\/www.trescal.dk\/sv\/"},{"@type":"ListItem","position":2,"name":"L\u00f6sningar och tj\u00e4nster","item":"https:\/\/www.trescal.dk\/sv\/losningar-och-tjanster\/"},{"@type":"ListItem","position":3,"name":"Tillg\u00e5ngshantering"}]},{"@type":"WebSite","@id":"https:\/\/www.trescal.dk\/sv\/#website","url":"https:\/\/www.trescal.dk\/sv\/","name":"Sverige","description":"| calibration solutions to improve your performance |","potentialAction":[{"@type":"SearchAction","target":{"@type":"EntryPoint","urlTemplate":"https:\/\/www.trescal.dk\/sv\/?s={search_term_string}"},"query-input":{"@type":"PropertyValueSpecification","valueRequired":true,"valueName":"search_term_string"}}],"inLanguage":"sv-SE"}]}},"_links":{"self":[{"href":"https:\/\/www.trescal.dk\/sv\/wp-json\/wp\/v2\/pages\/4983","targetHints":{"allow":["GET"]}}],"collection":[{"href":"https:\/\/www.trescal.dk\/sv\/wp-json\/wp\/v2\/pages"}],"about":[{"href":"https:\/\/www.trescal.dk\/sv\/wp-json\/wp\/v2\/types\/page"}],"author":[{"embeddable":true,"href":"https:\/\/www.trescal.dk\/sv\/wp-json\/wp\/v2\/users\/1"}],"replies":[{"embeddable":true,"href":"https:\/\/www.trescal.dk\/sv\/wp-json\/wp\/v2\/comments?post=4983"}],"version-history":[{"count":0,"href":"https:\/\/www.trescal.dk\/sv\/wp-json\/wp\/v2\/pages\/4983\/revisions"}],"up":[{"embeddable":true,"href":"https:\/\/www.trescal.dk\/sv\/wp-json\/wp\/v2\/pages\/5081"}],"wp:featuredmedia":[{"embeddable":true,"href":"https:\/\/www.trescal.dk\/sv\/wp-json\/wp\/v2\/media\/4985"}],"wp:attachment":[{"href":"https:\/\/www.trescal.dk\/sv\/wp-json\/wp\/v2\/media?parent=4983"}],"curies":[{"name":"wp","href":"https:\/\/api.w.org\/{rel}","templated":true}]}}