{"id":4937,"date":"2020-07-02T09:19:51","date_gmt":"2020-07-02T09:19:51","guid":{"rendered":"https:\/\/se.www.trescal.com\/calibration\/"},"modified":"2021-01-29T07:19:26","modified_gmt":"2021-01-29T07:19:26","slug":"kalibrering","status":"publish","type":"page","link":"https:\/\/www.trescal.dk\/sv\/losningar-och-tjanster\/kalibrering\/","title":{"rendered":"Kalibrering"},"content":{"rendered":"\n<div class=\"wp-block-columns alignfull is-layout-flex wp-container-core-columns-is-layout-9d6595d7 wp-block-columns-is-layout-flex\">\n<div class=\"wp-block-column is-layout-flow wp-block-column-is-layout-flow\" style=\"flex-basis:66.66%\">\n<h2 class=\"wp-block-heading\">Vad \u00e4r kalibrering?<\/h2>\n\n\n\n<p>Om det f\u00f6religger bristande efterlevnad kommer vi att erbjuda f\u00f6ljande l\u00f6sningar:<\/p>\n\n\n\n<h3 class=\"wp-block-heading\"><strong>Justering<\/strong><\/h3>\n\n\n\n<p>Ett m\u00e4tsystem servas s\u00e5 att det levererar den rekommenderade effekt som motsvarar de givna v\u00e4rdena f\u00f6r kvantiteterna som ska m\u00e4tas.<\/p>\n\n\n\n<h3 class=\"wp-block-heading\"><strong>Reparation<\/strong><\/h3>\n\n\n\n<p>Service f\u00f6r att \u00e5terst\u00e4lla utrustningen till dess ursprungsstadium, s\u00e5 att den \u00e5tminstone fungerar som m\u00e4tsystem.<\/p>\n\n\n\n<p>Trescal tillhandah\u00e5ller kalibrering med eller utan bed\u00f6mning, testning, justering och reparationstj\u00e4nster, alltid i enlighet med de kvalitetsstandarder som kr\u00e4vs f\u00f6r branschen i fr\u00e5ga.<\/p>\n\n\n\n<div class=\"wp-block-buttons is-layout-flex wp-block-buttons-is-layout-flex\">\n<div class=\"wp-block-button is-style-outline is-style-outline--1\"><a class=\"wp-block-button__link\" href=\"https:\/\/se.www.trescal.com\/sv\/solutions-and-services\/our-capabilities-accreditations-certifications\/#anc_certifications\" target=\"_blank\" rel=\"noreferrer noopener\">Se v\u00e5ra certifieringar<\/a><\/div>\n<\/div>\n\n\n\n<h3 class=\"wp-block-heading\"><strong>Tester<\/strong><\/h3>\n\n\n\n<p>Genom tester kan vi fastst\u00e4lla en produkts kvalitet och prestanda under alla dess olika livscykelstadier. Test utf\u00f6rs i enlighet med standarder eller f\u00f6rordningar.<\/p>\n\n\n\n<p><strong><a href=\"#contact\" target=\"_blank\" rel=\"noreferrer noopener\">Beh\u00f6ver du r\u00e5dgivning betr\u00e4ffande kalibrering?<br>Kontakta oss!<\/a><\/strong><\/p>\n\n\n\n<p>Vill du har en mer ing\u00e5ende f\u00f6rklaring av vad en kalibrering \u00e4r? Den officiella definitionen fr\u00e5n International Vocabulary of Metrology (VIM) 2008-utg\u00e5van kan du l\u00e4sa genom att klicka p\u00e5 denna&nbsp;<a href=\"https:\/\/www.cfmetrologie.com\/en\/faq-measure\/17-concepts-and-terminology\/1159-what-is-a-calibration\" target=\"_blank\" rel=\"noreferrer noopener\">l\u00e4nk.<\/a><\/p>\n<\/div>\n\n\n\n<div class=\"wp-block-column is-layout-flow wp-block-column-is-layout-flow\" style=\"flex-basis:33.33%\"><\/div>\n<\/div>\n\n\n\n<div class=\"wp-block-columns alignfull is-layout-flex wp-container-core-columns-is-layout-9d6595d7 wp-block-columns-is-layout-flex\">\n<div class=\"wp-block-column is-layout-flow wp-block-column-is-layout-flow\" style=\"flex-basis:66.66%\">\n<h2 class=\"wp-block-heading\">Ackrediterad kalibrering<\/h2>\n\n\n\n<p>Ackreditering \u00e4r ett certifikat f\u00f6r en f\u00e4rdighet som utf\u00e4rdas av en oberoende tredje part (<a aria-label=\"undefined (s\u2019ouvre dans un nouvel onglet)\" href=\"https:\/\/www.cofrac.fr\/en\/\" target=\"_blank\" rel=\"noreferrer noopener\">COFRAC<\/a>, <a aria-label=\"undefined (s\u2019ouvre dans un nouvel onglet)\" href=\"https:\/\/www.enac.es\/web\/english\" target=\"_blank\" rel=\"noreferrer noopener\">ENAC<\/a>, <a aria-label=\"undefined (s\u2019ouvre dans un nouvel onglet)\" href=\"https:\/\/www.ukas.com\/\" target=\"_blank\" rel=\"noreferrer noopener\">UKAS<\/a>, <a aria-label=\"undefined (s\u2019ouvre dans un nouvel onglet)\" href=\"https:\/\/economie.fgov.be\/en\/themes\/quality-and-safety\/accreditation\" target=\"_blank\" rel=\"noreferrer noopener\">BELAC<\/a> osv.) \u00e5t en tj\u00e4nsteleverant\u00f6r som utf\u00f6r kalibreringar. En ackrediterad kalibrering \u00e4r tillr\u00e4ckligt bevis p\u00e5 standardens sp\u00e5rbarhet.<\/p>\n\n\n\n<p>Trescal har \u00f6ver <strong>780 ackrediteringar<\/strong> inom <strong>28 olika dom\u00e4ner <\/strong>i <strong>\u00f6ver 150 laboratorier och 220 kundfilialer<\/strong> fr\u00e5n <strong>26 olika l\u00e4nder<\/strong>. D\u00e4rf\u00f6r har vi kunnat positionera oss som ledande leverant\u00f6r av kalibreringstj\u00e4nster f\u00f6r industrin.<\/p>\n<\/div>\n\n\n\n<div class=\"wp-block-column is-layout-flow wp-block-column-is-layout-flow\" style=\"flex-basis:33.33%\"><\/div>\n<\/div>\n\n\n\n<div class=\"wp-block-columns alignfull is-layout-flex wp-container-core-columns-is-layout-9d6595d7 wp-block-columns-is-layout-flex\">\n<div class=\"wp-block-column is-layout-flow wp-block-column-is-layout-flow\" style=\"flex-basis:66.66%\">\n<h2 class=\"wp-block-heading\">Sp\u00e5rbar kalibrering<\/h2>\n\n\n\n<p>Enligt ISO\/IEC GUIDE 99 (VIM) kan metrologisk sp\u00e5rbarhet definieras som \u201den egenskap hos ett m\u00e4tresultat varigenom resultatet kan kopplas till en referens via en dokumenterat obruten kedja av kalibreringar, som var och en bidrar till m\u00e4tos\u00e4kerheten\u201d.<\/p>\n<\/div>\n\n\n\n<div class=\"wp-block-column is-layout-flow wp-block-column-is-layout-flow\" style=\"flex-basis:33.33%\"><\/div>\n<\/div>\n\n\n\n<div class=\"wp-block-columns alignfull is-layout-flex wp-container-core-columns-is-layout-9d6595d7 wp-block-columns-is-layout-flex\">\n<div class=\"wp-block-column is-layout-flow wp-block-column-is-layout-flow\" style=\"flex-basis:66.66%\">\n<h2 class=\"wp-block-heading\">Var kan jag kalibrera mina enheter?<\/h2>\n\n\n\n<p>Trescal erbjuder kalibrering i v\u00e5ra egna laboratorier eller vid din anl\u00e4ggning, beroende p\u00e5 dina specifika behov och eventuella utmaningar.<\/p>\n\n\n\n<h3 class=\"wp-block-heading\">I Trescals laboratorium<\/h3>\n\n\n\n<p>Det h\u00e4r \u00e4r den l\u00f6sning som vi rekommenderar i f\u00f6rsta hand. Om du kan skicka din enhet till ett av v\u00e5ra Trescal-laboratorier kan vi snabbare besvara din f\u00f6rfr\u00e5gan eftersom vi d\u00e5 har mer personal och utrustning till v\u00e5rt f\u00f6rfogande.<\/p>\n\n\n\n<p>V\u00e5rt m\u00e5l \u00e4r att minimera den tid d\u00e5 du inte har tillg\u00e5ng till din utrustning. Vi erbjuder \u201dtransferservice\u201d mellan din anl\u00e4ggning och v\u00e5ra laboratorier. Med denna service kan vi h\u00e4mta och l\u00e4mna utrustning i vadderade fodral eller specialutrustade sk\u00e5pbilar f\u00f6r att garantera att den transporteras under optimala, s\u00e4kra f\u00f6rh\u00e5llanden.<\/p>\n\n\n\n<p>I de flesta l\u00e4nder d\u00e4r Trescal bedriver verksamhet har vi mycket starka territoriella n\u00e4tverk, vilket inneb\u00e4r att vi kan serva din utrustning p\u00e5 en plats s\u00e5 n\u00e4ra dig som m\u00f6jligt. &nbsp;&nbsp;&nbsp;&nbsp;&nbsp;&nbsp;&nbsp;<\/p>\n\n\n\n<h3 class=\"wp-block-heading\">P\u00e5 din anl\u00e4ggning<\/h3>\n\n\n\n<p>Om din utrustning inte kan flyttas fr\u00e5n dina produktionslinjer kan vi skicka v\u00e5ra tekniker direkt till din anl\u00e4ggning, eller s\u00e5 kan vi erbjuda ett s\u00e4rskilt laboratorium.<\/p>\n\n\n\n<h3 class=\"wp-block-heading\">V\u00e5ra mobila kalibreringslaboratorier<\/h3>\n\n\n\n<p>Om din utrustning inte enkelt kan skickas till v\u00e5ra laboratorier f\u00f6resl\u00e5r vi att du upps\u00f6ker ett av v\u00e5ra mobila kalibreringslaboratorier.<\/p>\n\n\n\n<div class=\"wp-block-buttons is-layout-flex wp-block-buttons-is-layout-flex\">\n<div class=\"wp-block-button\"><a class=\"wp-block-button__link\" href=\"#contact\" target=\"_blank\" rel=\"noreferrer noopener\">Kontakta oss<\/a><\/div>\n<\/div>\n<\/div>\n\n\n\n<div class=\"wp-block-column is-layout-flow wp-block-column-is-layout-flow\" style=\"flex-basis:33.33%\"><\/div>\n<\/div>\n","protected":false},"excerpt":{"rendered":"Vad \u00e4r kalibrering? Om det f\u00f6religger bristande efterlevnad kommer vi att erbjuda f\u00f6ljande l\u00f6sningar: Justering Ett m\u00e4tsystem servas s\u00e5 att","protected":false},"author":1,"featured_media":4939,"parent":5081,"menu_order":1,"comment_status":"closed","ping_status":"closed","template":"template-thumbnail.php","meta":{"_acf_changed":false,"inline_featured_image":false,"footnotes":""},"class_list":["post-4937","page","type-page","status-publish","has-post-thumbnail","hentry"],"acf":[],"yoast_head":"<!-- This site is optimized with the Yoast SEO plugin v27.3 - https:\/\/yoast.com\/product\/yoast-seo-wordpress\/ -->\n<title>Kalibrering - Sverige<\/title>\n<meta name=\"robots\" content=\"index, follow, max-snippet:-1, max-image-preview:large, max-video-preview:-1\" \/>\n<link rel=\"canonical\" href=\"https:\/\/www.trescal.dk\/sv\/losningar-och-tjanster\/kalibrering\/\" \/>\n<meta property=\"og:locale\" content=\"sv_SE\" \/>\n<meta property=\"og:type\" content=\"article\" \/>\n<meta property=\"og:title\" content=\"Kalibrering - Sverige\" \/>\n<meta property=\"og:description\" content=\"Vad \u00e4r kalibrering? Om det f\u00f6religger bristande efterlevnad kommer vi att erbjuda f\u00f6ljande l\u00f6sningar: Justering Ett m\u00e4tsystem servas s\u00e5 att\" \/>\n<meta property=\"og:url\" content=\"https:\/\/www.trescal.dk\/sv\/losningar-och-tjanster\/kalibrering\/\" \/>\n<meta property=\"og:site_name\" content=\"Sverige\" \/>\n<meta property=\"article:modified_time\" content=\"2021-01-29T07:19:26+00:00\" \/>\n<meta property=\"og:image\" content=\"https:\/\/www.trescal.dk\/wp-content\/uploads\/sites\/65\/2020\/07\/trescal_calibration_header.jpg\" \/>\n\t<meta property=\"og:image:width\" content=\"1300\" \/>\n\t<meta property=\"og:image:height\" content=\"1000\" \/>\n\t<meta property=\"og:image:type\" content=\"image\/jpeg\" \/>\n<meta name=\"twitter:card\" content=\"summary_large_image\" \/>\n<meta name=\"twitter:label1\" content=\"Ber\u00e4knad l\u00e4stid\" \/>\n\t<meta name=\"twitter:data1\" content=\"2 minuter\" \/>\n<script type=\"application\/ld+json\" class=\"yoast-schema-graph\">{\"@context\":\"https:\\\/\\\/schema.org\",\"@graph\":[{\"@type\":\"WebPage\",\"@id\":\"https:\\\/\\\/www.trescal.dk\\\/sv\\\/losningar-och-tjanster\\\/kalibrering\\\/\",\"url\":\"https:\\\/\\\/www.trescal.dk\\\/sv\\\/losningar-och-tjanster\\\/kalibrering\\\/\",\"name\":\"Kalibrering - Sverige\",\"isPartOf\":{\"@id\":\"https:\\\/\\\/www.trescal.dk\\\/sv\\\/#website\"},\"primaryImageOfPage\":{\"@id\":\"https:\\\/\\\/www.trescal.dk\\\/sv\\\/losningar-och-tjanster\\\/kalibrering\\\/#primaryimage\"},\"image\":{\"@id\":\"https:\\\/\\\/www.trescal.dk\\\/sv\\\/losningar-och-tjanster\\\/kalibrering\\\/#primaryimage\"},\"thumbnailUrl\":\"https:\\\/\\\/www.trescal.dk\\\/wp-content\\\/uploads\\\/sites\\\/65\\\/2020\\\/07\\\/trescal_calibration_header.jpg\",\"datePublished\":\"2020-07-02T09:19:51+00:00\",\"dateModified\":\"2021-01-29T07:19:26+00:00\",\"breadcrumb\":{\"@id\":\"https:\\\/\\\/www.trescal.dk\\\/sv\\\/losningar-och-tjanster\\\/kalibrering\\\/#breadcrumb\"},\"inLanguage\":\"sv-SE\",\"potentialAction\":[{\"@type\":\"ReadAction\",\"target\":[\"https:\\\/\\\/www.trescal.dk\\\/sv\\\/losningar-och-tjanster\\\/kalibrering\\\/\"]}]},{\"@type\":\"ImageObject\",\"inLanguage\":\"sv-SE\",\"@id\":\"https:\\\/\\\/www.trescal.dk\\\/sv\\\/losningar-och-tjanster\\\/kalibrering\\\/#primaryimage\",\"url\":\"https:\\\/\\\/www.trescal.dk\\\/wp-content\\\/uploads\\\/sites\\\/65\\\/2020\\\/07\\\/trescal_calibration_header.jpg\",\"contentUrl\":\"https:\\\/\\\/www.trescal.dk\\\/wp-content\\\/uploads\\\/sites\\\/65\\\/2020\\\/07\\\/trescal_calibration_header.jpg\",\"width\":1300,\"height\":1000},{\"@type\":\"BreadcrumbList\",\"@id\":\"https:\\\/\\\/www.trescal.dk\\\/sv\\\/losningar-och-tjanster\\\/kalibrering\\\/#breadcrumb\",\"itemListElement\":[{\"@type\":\"ListItem\",\"position\":1,\"name\":\"Hjem\",\"item\":\"https:\\\/\\\/www.trescal.dk\\\/sv\\\/\"},{\"@type\":\"ListItem\",\"position\":2,\"name\":\"L\u00f6sningar och tj\u00e4nster\",\"item\":\"https:\\\/\\\/www.trescal.dk\\\/sv\\\/losningar-och-tjanster\\\/\"},{\"@type\":\"ListItem\",\"position\":3,\"name\":\"Kalibrering\"}]},{\"@type\":\"WebSite\",\"@id\":\"https:\\\/\\\/www.trescal.dk\\\/sv\\\/#website\",\"url\":\"https:\\\/\\\/www.trescal.dk\\\/sv\\\/\",\"name\":\"Sverige\",\"description\":\"| calibration solutions to improve your performance |\",\"potentialAction\":[{\"@type\":\"SearchAction\",\"target\":{\"@type\":\"EntryPoint\",\"urlTemplate\":\"https:\\\/\\\/www.trescal.dk\\\/sv\\\/?s={search_term_string}\"},\"query-input\":{\"@type\":\"PropertyValueSpecification\",\"valueRequired\":true,\"valueName\":\"search_term_string\"}}],\"inLanguage\":\"sv-SE\"}]}<\/script>\n<!-- \/ Yoast SEO plugin. -->","yoast_head_json":{"title":"Kalibrering - Sverige","robots":{"index":"index","follow":"follow","max-snippet":"max-snippet:-1","max-image-preview":"max-image-preview:large","max-video-preview":"max-video-preview:-1"},"canonical":"https:\/\/www.trescal.dk\/sv\/losningar-och-tjanster\/kalibrering\/","og_locale":"sv_SE","og_type":"article","og_title":"Kalibrering - Sverige","og_description":"Vad \u00e4r kalibrering? Om det f\u00f6religger bristande efterlevnad kommer vi att erbjuda f\u00f6ljande l\u00f6sningar: Justering Ett m\u00e4tsystem servas s\u00e5 att","og_url":"https:\/\/www.trescal.dk\/sv\/losningar-och-tjanster\/kalibrering\/","og_site_name":"Sverige","article_modified_time":"2021-01-29T07:19:26+00:00","og_image":[{"width":1300,"height":1000,"url":"https:\/\/www.trescal.dk\/wp-content\/uploads\/sites\/65\/2020\/07\/trescal_calibration_header.jpg","type":"image\/jpeg"}],"twitter_card":"summary_large_image","twitter_misc":{"Ber\u00e4knad l\u00e4stid":"2 minuter"},"schema":{"@context":"https:\/\/schema.org","@graph":[{"@type":"WebPage","@id":"https:\/\/www.trescal.dk\/sv\/losningar-och-tjanster\/kalibrering\/","url":"https:\/\/www.trescal.dk\/sv\/losningar-och-tjanster\/kalibrering\/","name":"Kalibrering - Sverige","isPartOf":{"@id":"https:\/\/www.trescal.dk\/sv\/#website"},"primaryImageOfPage":{"@id":"https:\/\/www.trescal.dk\/sv\/losningar-och-tjanster\/kalibrering\/#primaryimage"},"image":{"@id":"https:\/\/www.trescal.dk\/sv\/losningar-och-tjanster\/kalibrering\/#primaryimage"},"thumbnailUrl":"https:\/\/www.trescal.dk\/wp-content\/uploads\/sites\/65\/2020\/07\/trescal_calibration_header.jpg","datePublished":"2020-07-02T09:19:51+00:00","dateModified":"2021-01-29T07:19:26+00:00","breadcrumb":{"@id":"https:\/\/www.trescal.dk\/sv\/losningar-och-tjanster\/kalibrering\/#breadcrumb"},"inLanguage":"sv-SE","potentialAction":[{"@type":"ReadAction","target":["https:\/\/www.trescal.dk\/sv\/losningar-och-tjanster\/kalibrering\/"]}]},{"@type":"ImageObject","inLanguage":"sv-SE","@id":"https:\/\/www.trescal.dk\/sv\/losningar-och-tjanster\/kalibrering\/#primaryimage","url":"https:\/\/www.trescal.dk\/wp-content\/uploads\/sites\/65\/2020\/07\/trescal_calibration_header.jpg","contentUrl":"https:\/\/www.trescal.dk\/wp-content\/uploads\/sites\/65\/2020\/07\/trescal_calibration_header.jpg","width":1300,"height":1000},{"@type":"BreadcrumbList","@id":"https:\/\/www.trescal.dk\/sv\/losningar-och-tjanster\/kalibrering\/#breadcrumb","itemListElement":[{"@type":"ListItem","position":1,"name":"Hjem","item":"https:\/\/www.trescal.dk\/sv\/"},{"@type":"ListItem","position":2,"name":"L\u00f6sningar och tj\u00e4nster","item":"https:\/\/www.trescal.dk\/sv\/losningar-och-tjanster\/"},{"@type":"ListItem","position":3,"name":"Kalibrering"}]},{"@type":"WebSite","@id":"https:\/\/www.trescal.dk\/sv\/#website","url":"https:\/\/www.trescal.dk\/sv\/","name":"Sverige","description":"| calibration solutions to improve your performance |","potentialAction":[{"@type":"SearchAction","target":{"@type":"EntryPoint","urlTemplate":"https:\/\/www.trescal.dk\/sv\/?s={search_term_string}"},"query-input":{"@type":"PropertyValueSpecification","valueRequired":true,"valueName":"search_term_string"}}],"inLanguage":"sv-SE"}]}},"_links":{"self":[{"href":"https:\/\/www.trescal.dk\/sv\/wp-json\/wp\/v2\/pages\/4937","targetHints":{"allow":["GET"]}}],"collection":[{"href":"https:\/\/www.trescal.dk\/sv\/wp-json\/wp\/v2\/pages"}],"about":[{"href":"https:\/\/www.trescal.dk\/sv\/wp-json\/wp\/v2\/types\/page"}],"author":[{"embeddable":true,"href":"https:\/\/www.trescal.dk\/sv\/wp-json\/wp\/v2\/users\/1"}],"replies":[{"embeddable":true,"href":"https:\/\/www.trescal.dk\/sv\/wp-json\/wp\/v2\/comments?post=4937"}],"version-history":[{"count":0,"href":"https:\/\/www.trescal.dk\/sv\/wp-json\/wp\/v2\/pages\/4937\/revisions"}],"up":[{"embeddable":true,"href":"https:\/\/www.trescal.dk\/sv\/wp-json\/wp\/v2\/pages\/5081"}],"wp:featuredmedia":[{"embeddable":true,"href":"https:\/\/www.trescal.dk\/sv\/wp-json\/wp\/v2\/media\/4939"}],"wp:attachment":[{"href":"https:\/\/www.trescal.dk\/sv\/wp-json\/wp\/v2\/media?parent=4937"}],"curies":[{"name":"wp","href":"https:\/\/api.w.org\/{rel}","templated":true}]}}