{"id":4891,"date":"2020-07-02T09:00:15","date_gmt":"2020-07-02T09:00:15","guid":{"rendered":"https:\/\/se.www.trescal.com\/navigation-guide\/"},"modified":"2021-01-29T07:13:09","modified_gmt":"2021-01-29T07:13:09","slug":"navigationsguide","status":"publish","type":"page","link":"https:\/\/www.trescal.dk\/sv\/jobb\/navigationsguide\/","title":{"rendered":"Mer om kalibrering"},"content":{"rendered":"\n<p>I v\u00e5r digitala guide f\u00e5r du l\u00e4ra dig vad metrologi \u00e4r p\u00e5 mindre \u00e4n 10 sekunder!<\/p>\n\n\n\n<figure class=\"wp-block-image alignfull\"><a href=\"https:\/\/se.www.trescal.com\/wp-content\/uploads\/sites\/65\/2020\/10\/infographie-en-1.jpg\"><img decoding=\"async\" data-src=\"https:\/\/www.trescal.de\/wp-content\/uploads\/sites\/6\/2020\/10\/infographie-en-1-1024x676.jpg\" alt=\"This image has an empty alt attribute; its file name is infographie-en-1-1024x676.jpg\" src=\"data:image\/svg+xml;base64,PHN2ZyB3aWR0aD0iMSIgaGVpZ2h0PSIxIiB4bWxucz0iaHR0cDovL3d3dy53My5vcmcvMjAwMC9zdmciPjwvc3ZnPg==\" class=\"lazyload\" style=\"--smush-placeholder-width: 1024px; --smush-placeholder-aspect-ratio: 1024\/676;\" \/><\/a><\/figure>\n\n\n\n<h3 class=\"wp-block-heading\" id=\"and_definitions\"><strong>F\u00e4rdigheter, ackrediteringar, kompetenser och certifieringar &#8230;<\/strong><br><strong><strong>Vad betyder alla dessa termer och vad \u00e4r skillnaden mellan dem?<\/strong><\/strong><\/h3>\n\n\n\n<div class=\"wp-block-columns is-layout-flex wp-container-core-columns-is-layout-9d6595d7 wp-block-columns-is-layout-flex\">\n<div class=\"wp-block-column is-layout-flow wp-block-column-is-layout-flow\" style=\"flex-basis:66.66%\">\n<p>Alla dessa termer \u00e4r n\u00e4ra f\u00f6rknippade med varandra och g\u00f6r det m\u00f6jligt f\u00f6r de som \u00e4r i behov av metrologitj\u00e4nster att f\u00f6rst\u00e5 och v\u00e4lja r\u00e4tt leverant\u00f6r p\u00e5 marknaden.<\/p>\n<\/div>\n\n\n\n<div class=\"wp-block-column is-layout-flow wp-block-column-is-layout-flow\" style=\"flex-basis:33.33%\"><\/div>\n<\/div>\n\n\n\n<div class=\"wp-block-columns alignfull is-layout-flex wp-container-core-columns-is-layout-9d6595d7 wp-block-columns-is-layout-flex\">\n<div class=\"wp-block-column is-layout-flow wp-block-column-is-layout-flow\">\n<p><strong><span style=\"color:#095ba5\" class=\"tadv-color\">F\u00c4RDIGHETER<\/span><\/strong><br>N\u00e4r ordet <strong>\u201df\u00e4rdighet\u201d<\/strong> anv\u00e4nds av metrologiska tj\u00e4nsteleverant\u00f6rer avser det vanligtvis de olika metrologiska omr\u00e5den inom vilka de \u00e4r experter och som g\u00f6r dem beh\u00f6riga att tillhandah\u00e5lla tj\u00e4nster till sina kunder.<\/p>\n\n\n\n<p><a rel=\"noreferrer noopener\" href=\"https:\/\/se.www.trescal.com\/sv\/solutions-and-services\/our-capabilities-accreditations-certifications\/#anc_competences\" target=\"_blank\">Se Trescals f\u00e4rdigheter efter laboratorium<\/a><\/p>\n\n\n\n<p><strong><span style=\"color:#095ba5\" class=\"tadv-color\">ACKREDITERING<\/span><\/strong><br><strong>En <strong>f\u00e4rdighet kan vara \u201dackrediterad\u201d eller \u201cicke-ackrediterad\u201d<\/strong>. <\/strong>M\u00e5ste alla tillverkare f\u00e5 sina m\u00e4tanordningar kalibrerade (eller kontrollerade). Kraven f\u00f6r denna service kan variera baserat p\u00e5 standarderna f\u00f6r branschen i fr\u00e5ga. <a href=\"https:\/\/se.www.trescal.com\/sv\/solutions-and-services\/our-capabilities-accreditations-certifications\/#anc_accreditations\" target=\"_blank\" rel=\"noreferrer noopener\">Nationella och internationella ackrediteringsorgan<\/a> ansvarar f\u00f6r att erk\u00e4nna f\u00e4rdigheterna hos kalibreringstj\u00e4nstleverant\u00f6rerna. Dessa ackrediteringsorgan utf\u00e4rdar en <strong>ackreditering<\/strong> \u00e5t tj\u00e4nsteleverant\u00f6ren f\u00f6r ett givet kompetensomr\u00e5de, inom ett visst m\u00e4tintervall.<\/p>\n\n\n\n<p><a rel=\"noreferrer noopener\" href=\"https:\/\/se.www.trescal.com\/sv\/solutions-and-services\/our-capabilities-accreditations-certifications\/#anc_competences\" target=\"_blank\"><u>Se Trescals ackrediterade dom\u00e4ner efter laboratorium<\/u><\/a><\/p>\n<\/div>\n\n\n\n<div class=\"wp-block-column is-layout-flow wp-block-column-is-layout-flow\" style=\"flex-basis:50%\">\n<p><strong><span style=\"color:#095ba5\" class=\"tadv-color\">KOMPETENSER<\/span><\/strong><br>Ett laboratoriums kompetenser syftar till f\u00f6ljande:<\/p>\n\n\n\n<ul class=\"wp-block-list\"><li>De kompetensomr\u00e5den som erbjuds<\/li><li>De typer av m\u00e4tutrustning som anv\u00e4nds<\/li><li>De tj\u00e4nster som erbjuds \u2013&nbsp; kalibrering som kan utf\u00f6ras i ett laboratorium eller i kundens anl\u00e4ggning, och som \u00e4ven kan ackrediteras osv.<\/li><\/ul>\n\n\n\n<p><a rel=\"noreferrer noopener\" href=\"https:\/\/se.www.trescal.com\/sv\/solutions-and-services\/our-capabilities-accreditations-certifications\/#anc_capabilites\" target=\"_blank\">Se Trescals kompetenser<\/a><\/p>\n\n\n\n<p><strong><span style=\"color:#095ba5\" class=\"tadv-color\">CERTIFIERINGAR<\/span><\/strong><br>Oavsett tj\u00e4nsteleverant\u00f6rens f\u00e4rdigheter och ackrediteringar m\u00e5ste de f\u00f6lja metrologibranschens standarder. En leverant\u00f6r av kalibreringstj\u00e4nster m\u00e5ste d\u00e4rf\u00f6r inneha ett visst antal <strong>certifieringar <\/strong>inom omr\u00e5det metrologi. Certifieringarna kan vara obligatoriska eller rekommenderade. Dessa standarder garanterar i allm\u00e4nhet att de tillhandah\u00e5llna tj\u00e4nsterna \u00e4r s\u00e4kra och att de uppr\u00e4tth\u00e5ller ett visst m\u00e5tt av kvalitet.<\/p>\n\n\n\n<p><a rel=\"noreferrer noopener\" href=\"https:\/\/se.www.trescal.com\/sv\/solutions-and-services\/our-capabilities-accreditations-certifications\/#anc_certifications\" target=\"_blank\">Se Trescals certifieringar<\/a><\/p>\n<\/div>\n<\/div>\n","protected":false},"excerpt":{"rendered":"I v\u00e5r digitala guide f\u00e5r du l\u00e4ra dig vad metrologi \u00e4r p\u00e5 mindre \u00e4n 10 sekunder! F\u00e4rdigheter, ackrediteringar, kompetenser och","protected":false},"author":1,"featured_media":5660,"parent":5088,"menu_order":2,"comment_status":"closed","ping_status":"closed","template":"template-thumbnail.php","meta":{"_acf_changed":false,"inline_featured_image":false,"footnotes":""},"class_list":["post-4891","page","type-page","status-publish","has-post-thumbnail","hentry"],"acf":[],"yoast_head":"<!-- This site is optimized with the Yoast SEO plugin v27.3 - https:\/\/yoast.com\/product\/yoast-seo-wordpress\/ -->\n<title>Mer om kalibrering - Sverige<\/title>\n<meta name=\"description\" content=\"Vad \u00e4r metrologi? I v\u00e5r digitala guide f\u00e5r du l\u00e4ra dig vad metrologi \u00e4r p\u00e5 mindre \u00e4n 10 sekunder!\" \/>\n<meta name=\"robots\" content=\"index, follow, max-snippet:-1, max-image-preview:large, max-video-preview:-1\" \/>\n<link rel=\"canonical\" href=\"https:\/\/www.trescal.dk\/sv\/jobb\/navigationsguide\/\" \/>\n<meta property=\"og:locale\" content=\"sv_SE\" \/>\n<meta property=\"og:type\" content=\"article\" \/>\n<meta property=\"og:title\" content=\"Mer om kalibrering - Sverige\" \/>\n<meta property=\"og:description\" content=\"Vad \u00e4r metrologi? I v\u00e5r digitala guide f\u00e5r du l\u00e4ra dig vad metrologi \u00e4r p\u00e5 mindre \u00e4n 10 sekunder!\" \/>\n<meta property=\"og:url\" content=\"https:\/\/www.trescal.dk\/sv\/jobb\/navigationsguide\/\" \/>\n<meta property=\"og:site_name\" content=\"Sverige\" \/>\n<meta property=\"article:modified_time\" content=\"2021-01-29T07:13:09+00:00\" \/>\n<meta property=\"og:image\" content=\"https:\/\/www.trescal.dk\/wp-content\/uploads\/sites\/65\/2020\/12\/trescal_innovations_header-1024x788-1.jpg\" \/>\n\t<meta property=\"og:image:width\" content=\"1024\" \/>\n\t<meta property=\"og:image:height\" content=\"788\" \/>\n\t<meta property=\"og:image:type\" content=\"image\/jpeg\" \/>\n<meta name=\"twitter:card\" content=\"summary_large_image\" \/>\n<meta name=\"twitter:label1\" content=\"Ber\u00e4knad l\u00e4stid\" \/>\n\t<meta name=\"twitter:data1\" content=\"2 minuter\" \/>\n<script type=\"application\/ld+json\" class=\"yoast-schema-graph\">{\"@context\":\"https:\\\/\\\/schema.org\",\"@graph\":[{\"@type\":\"WebPage\",\"@id\":\"https:\\\/\\\/www.trescal.dk\\\/sv\\\/jobb\\\/navigationsguide\\\/\",\"url\":\"https:\\\/\\\/www.trescal.dk\\\/sv\\\/jobb\\\/navigationsguide\\\/\",\"name\":\"Mer om kalibrering - Sverige\",\"isPartOf\":{\"@id\":\"https:\\\/\\\/www.trescal.dk\\\/sv\\\/#website\"},\"primaryImageOfPage\":{\"@id\":\"https:\\\/\\\/www.trescal.dk\\\/sv\\\/jobb\\\/navigationsguide\\\/#primaryimage\"},\"image\":{\"@id\":\"https:\\\/\\\/www.trescal.dk\\\/sv\\\/jobb\\\/navigationsguide\\\/#primaryimage\"},\"thumbnailUrl\":\"https:\\\/\\\/www.trescal.dk\\\/wp-content\\\/uploads\\\/sites\\\/65\\\/2020\\\/12\\\/trescal_innovations_header-1024x788-1.jpg\",\"datePublished\":\"2020-07-02T09:00:15+00:00\",\"dateModified\":\"2021-01-29T07:13:09+00:00\",\"description\":\"Vad \u00e4r metrologi? I v\u00e5r digitala guide f\u00e5r du l\u00e4ra dig vad metrologi \u00e4r p\u00e5 mindre \u00e4n 10 sekunder!\",\"breadcrumb\":{\"@id\":\"https:\\\/\\\/www.trescal.dk\\\/sv\\\/jobb\\\/navigationsguide\\\/#breadcrumb\"},\"inLanguage\":\"sv-SE\",\"potentialAction\":[{\"@type\":\"ReadAction\",\"target\":[\"https:\\\/\\\/www.trescal.dk\\\/sv\\\/jobb\\\/navigationsguide\\\/\"]}]},{\"@type\":\"ImageObject\",\"inLanguage\":\"sv-SE\",\"@id\":\"https:\\\/\\\/www.trescal.dk\\\/sv\\\/jobb\\\/navigationsguide\\\/#primaryimage\",\"url\":\"https:\\\/\\\/www.trescal.dk\\\/wp-content\\\/uploads\\\/sites\\\/65\\\/2020\\\/12\\\/trescal_innovations_header-1024x788-1.jpg\",\"contentUrl\":\"https:\\\/\\\/www.trescal.dk\\\/wp-content\\\/uploads\\\/sites\\\/65\\\/2020\\\/12\\\/trescal_innovations_header-1024x788-1.jpg\",\"width\":1024,\"height\":788},{\"@type\":\"BreadcrumbList\",\"@id\":\"https:\\\/\\\/www.trescal.dk\\\/sv\\\/jobb\\\/navigationsguide\\\/#breadcrumb\",\"itemListElement\":[{\"@type\":\"ListItem\",\"position\":1,\"name\":\"Hjem\",\"item\":\"https:\\\/\\\/www.trescal.dk\\\/sv\\\/\"},{\"@type\":\"ListItem\",\"position\":2,\"name\":\"Jobb\",\"item\":\"https:\\\/\\\/www.trescal.dk\\\/sv\\\/jobb\\\/\"},{\"@type\":\"ListItem\",\"position\":3,\"name\":\"Mer om kalibrering\"}]},{\"@type\":\"WebSite\",\"@id\":\"https:\\\/\\\/www.trescal.dk\\\/sv\\\/#website\",\"url\":\"https:\\\/\\\/www.trescal.dk\\\/sv\\\/\",\"name\":\"Sverige\",\"description\":\"| calibration solutions to improve your performance |\",\"potentialAction\":[{\"@type\":\"SearchAction\",\"target\":{\"@type\":\"EntryPoint\",\"urlTemplate\":\"https:\\\/\\\/www.trescal.dk\\\/sv\\\/?s={search_term_string}\"},\"query-input\":{\"@type\":\"PropertyValueSpecification\",\"valueRequired\":true,\"valueName\":\"search_term_string\"}}],\"inLanguage\":\"sv-SE\"}]}<\/script>\n<!-- \/ Yoast SEO plugin. -->","yoast_head_json":{"title":"Mer om kalibrering - Sverige","description":"Vad \u00e4r metrologi? I v\u00e5r digitala guide f\u00e5r du l\u00e4ra dig vad metrologi \u00e4r p\u00e5 mindre \u00e4n 10 sekunder!","robots":{"index":"index","follow":"follow","max-snippet":"max-snippet:-1","max-image-preview":"max-image-preview:large","max-video-preview":"max-video-preview:-1"},"canonical":"https:\/\/www.trescal.dk\/sv\/jobb\/navigationsguide\/","og_locale":"sv_SE","og_type":"article","og_title":"Mer om kalibrering - Sverige","og_description":"Vad \u00e4r metrologi? I v\u00e5r digitala guide f\u00e5r du l\u00e4ra dig vad metrologi \u00e4r p\u00e5 mindre \u00e4n 10 sekunder!","og_url":"https:\/\/www.trescal.dk\/sv\/jobb\/navigationsguide\/","og_site_name":"Sverige","article_modified_time":"2021-01-29T07:13:09+00:00","og_image":[{"width":1024,"height":788,"url":"https:\/\/www.trescal.dk\/wp-content\/uploads\/sites\/65\/2020\/12\/trescal_innovations_header-1024x788-1.jpg","type":"image\/jpeg"}],"twitter_card":"summary_large_image","twitter_misc":{"Ber\u00e4knad l\u00e4stid":"2 minuter"},"schema":{"@context":"https:\/\/schema.org","@graph":[{"@type":"WebPage","@id":"https:\/\/www.trescal.dk\/sv\/jobb\/navigationsguide\/","url":"https:\/\/www.trescal.dk\/sv\/jobb\/navigationsguide\/","name":"Mer om kalibrering - Sverige","isPartOf":{"@id":"https:\/\/www.trescal.dk\/sv\/#website"},"primaryImageOfPage":{"@id":"https:\/\/www.trescal.dk\/sv\/jobb\/navigationsguide\/#primaryimage"},"image":{"@id":"https:\/\/www.trescal.dk\/sv\/jobb\/navigationsguide\/#primaryimage"},"thumbnailUrl":"https:\/\/www.trescal.dk\/wp-content\/uploads\/sites\/65\/2020\/12\/trescal_innovations_header-1024x788-1.jpg","datePublished":"2020-07-02T09:00:15+00:00","dateModified":"2021-01-29T07:13:09+00:00","description":"Vad \u00e4r metrologi? I v\u00e5r digitala guide f\u00e5r du l\u00e4ra dig vad metrologi \u00e4r p\u00e5 mindre \u00e4n 10 sekunder!","breadcrumb":{"@id":"https:\/\/www.trescal.dk\/sv\/jobb\/navigationsguide\/#breadcrumb"},"inLanguage":"sv-SE","potentialAction":[{"@type":"ReadAction","target":["https:\/\/www.trescal.dk\/sv\/jobb\/navigationsguide\/"]}]},{"@type":"ImageObject","inLanguage":"sv-SE","@id":"https:\/\/www.trescal.dk\/sv\/jobb\/navigationsguide\/#primaryimage","url":"https:\/\/www.trescal.dk\/wp-content\/uploads\/sites\/65\/2020\/12\/trescal_innovations_header-1024x788-1.jpg","contentUrl":"https:\/\/www.trescal.dk\/wp-content\/uploads\/sites\/65\/2020\/12\/trescal_innovations_header-1024x788-1.jpg","width":1024,"height":788},{"@type":"BreadcrumbList","@id":"https:\/\/www.trescal.dk\/sv\/jobb\/navigationsguide\/#breadcrumb","itemListElement":[{"@type":"ListItem","position":1,"name":"Hjem","item":"https:\/\/www.trescal.dk\/sv\/"},{"@type":"ListItem","position":2,"name":"Jobb","item":"https:\/\/www.trescal.dk\/sv\/jobb\/"},{"@type":"ListItem","position":3,"name":"Mer om kalibrering"}]},{"@type":"WebSite","@id":"https:\/\/www.trescal.dk\/sv\/#website","url":"https:\/\/www.trescal.dk\/sv\/","name":"Sverige","description":"| calibration solutions to improve your performance |","potentialAction":[{"@type":"SearchAction","target":{"@type":"EntryPoint","urlTemplate":"https:\/\/www.trescal.dk\/sv\/?s={search_term_string}"},"query-input":{"@type":"PropertyValueSpecification","valueRequired":true,"valueName":"search_term_string"}}],"inLanguage":"sv-SE"}]}},"_links":{"self":[{"href":"https:\/\/www.trescal.dk\/sv\/wp-json\/wp\/v2\/pages\/4891","targetHints":{"allow":["GET"]}}],"collection":[{"href":"https:\/\/www.trescal.dk\/sv\/wp-json\/wp\/v2\/pages"}],"about":[{"href":"https:\/\/www.trescal.dk\/sv\/wp-json\/wp\/v2\/types\/page"}],"author":[{"embeddable":true,"href":"https:\/\/www.trescal.dk\/sv\/wp-json\/wp\/v2\/users\/1"}],"replies":[{"embeddable":true,"href":"https:\/\/www.trescal.dk\/sv\/wp-json\/wp\/v2\/comments?post=4891"}],"version-history":[{"count":0,"href":"https:\/\/www.trescal.dk\/sv\/wp-json\/wp\/v2\/pages\/4891\/revisions"}],"up":[{"embeddable":true,"href":"https:\/\/www.trescal.dk\/sv\/wp-json\/wp\/v2\/pages\/5088"}],"wp:featuredmedia":[{"embeddable":true,"href":"https:\/\/www.trescal.dk\/sv\/wp-json\/wp\/v2\/media\/5660"}],"wp:attachment":[{"href":"https:\/\/www.trescal.dk\/sv\/wp-json\/wp\/v2\/media?parent=4891"}],"curies":[{"name":"wp","href":"https:\/\/api.w.org\/{rel}","templated":true}]}}